{"id":1512,"date":"2023-10-21T22:09:59","date_gmt":"2023-10-21T20:09:59","guid":{"rendered":"http:\/\/new.centrumkas.pl\/?post_type=product&#038;p=1512"},"modified":"2024-05-01T22:32:22","modified_gmt":"2024-05-01T20:32:22","slug":"honeywell-horizon-7625","status":"publish","type":"product","link":"https:\/\/www.centrumkas.pl\/ru\/product\/honeywell-horizon-7625\/","title":{"rendered":"\u0425\u043e\u043d\u0438\u0432\u0435\u043b\u043b-\u0425\u043e\u0440\u0430\u0439\u0437\u043e\u043d 7625"},"content":{"rendered":"","protected":false},"excerpt":{"rendered":"<ul>\n<li>Typ czytnika:do zabudowy<\/li>\n<li>Rodzaj czytnika:laser wieloliniowy<\/li>\n<li>Szybko\u015b\u0107 skanowania:2000 skan\u00f3w na sekund\u0119<\/li>\n<li>Wyzwalanie odczytu:automatyczne<\/li>\n<\/ul>","protected":false},"featured_media":1542,"comment_status":"open","ping_status":"closed","template":"","meta":[],"product_brand":[],"product_cat":[212,379,213],"product_tag":[427],"class_list":{"0":"post-1512","1":"product","2":"type-product","3":"status-publish","4":"has-post-thumbnail","6":"product_cat-akcesoria","7":"product_cat-honeywell","8":"product_cat-skanery-kodow-kreskowych","9":"product_tag-skaner-kodow-kreskowych","11":"first","12":"instock","13":"taxable","14":"shipping-taxable","15":"purchasable","16":"product-type-simple"},"_links":{"self":[{"href":"https:\/\/www.centrumkas.pl\/ru\/wp-json\/wp\/v2\/product\/1512","targetHints":{"allow":["GET"]}}],"collection":[{"href":"https:\/\/www.centrumkas.pl\/ru\/wp-json\/wp\/v2\/product"}],"about":[{"href":"https:\/\/www.centrumkas.pl\/ru\/wp-json\/wp\/v2\/types\/product"}],"replies":[{"embeddable":true,"href":"https:\/\/www.centrumkas.pl\/ru\/wp-json\/wp\/v2\/comments?post=1512"}],"wp:featuredmedia":[{"embeddable":true,"href":"https:\/\/www.centrumkas.pl\/ru\/wp-json\/wp\/v2\/media\/1542"}],"wp:attachment":[{"href":"https:\/\/www.centrumkas.pl\/ru\/wp-json\/wp\/v2\/media?parent=1512"}],"wp:term":[{"taxonomy":"product_brand","embeddable":true,"href":"https:\/\/www.centrumkas.pl\/ru\/wp-json\/wp\/v2\/product_brand?post=1512"},{"taxonomy":"product_cat","embeddable":true,"href":"https:\/\/www.centrumkas.pl\/ru\/wp-json\/wp\/v2\/product_cat?post=1512"},{"taxonomy":"product_tag","embeddable":true,"href":"https:\/\/www.centrumkas.pl\/ru\/wp-json\/wp\/v2\/product_tag?post=1512"}],"curies":[{"name":"wp","href":"https:\/\/api.w.org\/{rel}","templated":true}]}}