{"id":1524,"date":"2023-10-21T23:05:22","date_gmt":"2023-10-21T21:05:22","guid":{"rendered":"http:\/\/new.centrumkas.pl\/?post_type=product&#038;p=1524"},"modified":"2024-05-01T22:24:22","modified_gmt":"2024-05-01T20:24:22","slug":"honeywell-orbitcg-7180","status":"publish","type":"product","link":"https:\/\/www.centrumkas.pl\/ru\/product\/honeywell-orbitcg-7180\/","title":{"rendered":"HONEYWELL ORBITCG 7180"},"content":{"rendered":"","protected":false},"excerpt":{"rendered":"<ul>\n<li>Typ czytnika: stacjonarny (prezentacyjny)<\/li>\n<li>Rodzaj czytnika: laser wieloliniowy<\/li>\n<li>Szybko\u015b\u0107 skanowania: tryb wieloliniowy: 1120 skan\u00f3w na sekund\u0119; tryb jednoliniowy: 56 skan\u00f3w na sekund\u0119<\/li>\n<li>Wyzwalanie odczytu: r\u0119czne, automatyczne<\/li>\n<\/ul>","protected":false},"featured_media":1545,"comment_status":"open","ping_status":"closed","template":"","meta":[],"product_brand":[],"product_cat":[212,379,213],"product_tag":[427],"class_list":{"0":"post-1524","1":"product","2":"type-product","3":"status-publish","4":"has-post-thumbnail","6":"product_cat-akcesoria","7":"product_cat-honeywell","8":"product_cat-skanery-kodow-kreskowych","9":"product_tag-skaner-kodow-kreskowych","11":"first","12":"instock","13":"taxable","14":"shipping-taxable","15":"purchasable","16":"product-type-simple"},"_links":{"self":[{"href":"https:\/\/www.centrumkas.pl\/ru\/wp-json\/wp\/v2\/product\/1524","targetHints":{"allow":["GET"]}}],"collection":[{"href":"https:\/\/www.centrumkas.pl\/ru\/wp-json\/wp\/v2\/product"}],"about":[{"href":"https:\/\/www.centrumkas.pl\/ru\/wp-json\/wp\/v2\/types\/product"}],"replies":[{"embeddable":true,"href":"https:\/\/www.centrumkas.pl\/ru\/wp-json\/wp\/v2\/comments?post=1524"}],"wp:featuredmedia":[{"embeddable":true,"href":"https:\/\/www.centrumkas.pl\/ru\/wp-json\/wp\/v2\/media\/1545"}],"wp:attachment":[{"href":"https:\/\/www.centrumkas.pl\/ru\/wp-json\/wp\/v2\/media?parent=1524"}],"wp:term":[{"taxonomy":"product_brand","embeddable":true,"href":"https:\/\/www.centrumkas.pl\/ru\/wp-json\/wp\/v2\/product_brand?post=1524"},{"taxonomy":"product_cat","embeddable":true,"href":"https:\/\/www.centrumkas.pl\/ru\/wp-json\/wp\/v2\/product_cat?post=1524"},{"taxonomy":"product_tag","embeddable":true,"href":"https:\/\/www.centrumkas.pl\/ru\/wp-json\/wp\/v2\/product_tag?post=1524"}],"curies":[{"name":"wp","href":"https:\/\/api.w.org\/{rel}","templated":true}]}}