{"id":1536,"date":"2023-10-22T00:34:44","date_gmt":"2023-10-21T22:34:44","guid":{"rendered":"http:\/\/new.centrumkas.pl\/?post_type=product&#038;p=1536"},"modified":"2024-05-01T22:08:30","modified_gmt":"2024-05-01T20:08:30","slug":"honeywell-voyager-1202g","status":"publish","type":"product","link":"https:\/\/www.centrumkas.pl\/ru\/product\/honeywell-voyager-1202g\/","title":{"rendered":"HONEYWELL VOYAGER 1202G"},"content":{"rendered":"","protected":false},"excerpt":{"rendered":"<ul>\n<li>Typ czytnika: bezprzewodowy<\/li>\n<li>Rodzaj czytnika: laser jednoliniowy<\/li>\n<li>Szybko\u015b\u0107 skanowania: 100 skan\u00f3w na sekund\u0119<\/li>\n<li>\u0422\u0440\u0438\u0433\u0433\u0435\u0440 \u0447\u0442\u0435\u043d\u0438\u044f: \u0440\u0443\u0447\u043d\u043e\u0439, \u0430\u0432\u0442\u043e\u043c\u0430\u0442\u0438\u0447\u0435\u0441\u043a\u0438\u0439<\/li>\n<\/ul>","protected":false},"featured_media":1550,"comment_status":"open","ping_status":"closed","template":"","meta":[],"product_brand":[],"product_cat":[212,379,213],"product_tag":[427],"class_list":{"0":"post-1536","1":"product","2":"type-product","3":"status-publish","4":"has-post-thumbnail","6":"product_cat-akcesoria","7":"product_cat-honeywell","8":"product_cat-skanery-kodow-kreskowych","9":"product_tag-skaner-kodow-kreskowych","11":"first","12":"instock","13":"taxable","14":"shipping-taxable","15":"purchasable","16":"product-type-simple"},"_links":{"self":[{"href":"https:\/\/www.centrumkas.pl\/ru\/wp-json\/wp\/v2\/product\/1536","targetHints":{"allow":["GET"]}}],"collection":[{"href":"https:\/\/www.centrumkas.pl\/ru\/wp-json\/wp\/v2\/product"}],"about":[{"href":"https:\/\/www.centrumkas.pl\/ru\/wp-json\/wp\/v2\/types\/product"}],"replies":[{"embeddable":true,"href":"https:\/\/www.centrumkas.pl\/ru\/wp-json\/wp\/v2\/comments?post=1536"}],"wp:featuredmedia":[{"embeddable":true,"href":"https:\/\/www.centrumkas.pl\/ru\/wp-json\/wp\/v2\/media\/1550"}],"wp:attachment":[{"href":"https:\/\/www.centrumkas.pl\/ru\/wp-json\/wp\/v2\/media?parent=1536"}],"wp:term":[{"taxonomy":"product_brand","embeddable":true,"href":"https:\/\/www.centrumkas.pl\/ru\/wp-json\/wp\/v2\/product_brand?post=1536"},{"taxonomy":"product_cat","embeddable":true,"href":"https:\/\/www.centrumkas.pl\/ru\/wp-json\/wp\/v2\/product_cat?post=1536"},{"taxonomy":"product_tag","embeddable":true,"href":"https:\/\/www.centrumkas.pl\/ru\/wp-json\/wp\/v2\/product_tag?post=1536"}],"curies":[{"name":"wp","href":"https:\/\/api.w.org\/{rel}","templated":true}]}}