{"id":1565,"date":"2023-10-22T22:48:04","date_gmt":"2023-10-22T20:48:04","guid":{"rendered":"http:\/\/new.centrumkas.pl\/?post_type=product&#038;p=1565"},"modified":"2025-06-10T12:19:35","modified_gmt":"2025-06-10T10:19:35","slug":"honeywell-youjie-yj3300","status":"publish","type":"product","link":"https:\/\/www.centrumkas.pl\/ru\/product\/honeywell-youjie-yj3300\/","title":{"rendered":"HONEYWELL \u042e\u0414\u0416\u0418 YJ3300"},"content":{"rendered":"","protected":false},"excerpt":{"rendered":"<ul>\n<li>Rodzaj czytnika: laser jednoliniowy<\/li>\n<li>Szybko\u015b\u0107 skanowania: 72 skan\u00f3w na sekund\u0119<\/li>\n<li>Wyzwalanie odczytu: d\u017awi\u0119k<\/li>\n<\/ul>","protected":false},"featured_media":1572,"comment_status":"open","ping_status":"closed","template":"","meta":[],"product_brand":[],"product_cat":[212,379,213,512,520,485,490],"product_tag":[427],"class_list":{"0":"post-1565","1":"product","2":"type-product","3":"status-publish","4":"has-post-thumbnail","6":"product_cat-akcesoria","7":"product_cat-honeywell","8":"product_cat-skanery-kodow-kreskowych","9":"product_cat-skanery-kodow-kreskowych-dla-handlu-obwoznego","10":"product_cat-skanery-kodow-kreskowych-dla-hurtowni","11":"product_cat-skanery-kodow-kreskowych-dla-malego-sklepu","12":"product_cat-skanery-kodow-kreskowych-dla-stacji-paliw","13":"product_tag-skaner-kodow-kreskowych","15":"first","16":"instock","17":"taxable","18":"shipping-taxable","19":"purchasable","20":"product-type-simple"},"_links":{"self":[{"href":"https:\/\/www.centrumkas.pl\/ru\/wp-json\/wp\/v2\/product\/1565","targetHints":{"allow":["GET"]}}],"collection":[{"href":"https:\/\/www.centrumkas.pl\/ru\/wp-json\/wp\/v2\/product"}],"about":[{"href":"https:\/\/www.centrumkas.pl\/ru\/wp-json\/wp\/v2\/types\/product"}],"replies":[{"embeddable":true,"href":"https:\/\/www.centrumkas.pl\/ru\/wp-json\/wp\/v2\/comments?post=1565"}],"wp:featuredmedia":[{"embeddable":true,"href":"https:\/\/www.centrumkas.pl\/ru\/wp-json\/wp\/v2\/media\/1572"}],"wp:attachment":[{"href":"https:\/\/www.centrumkas.pl\/ru\/wp-json\/wp\/v2\/media?parent=1565"}],"wp:term":[{"taxonomy":"product_brand","embeddable":true,"href":"https:\/\/www.centrumkas.pl\/ru\/wp-json\/wp\/v2\/product_brand?post=1565"},{"taxonomy":"product_cat","embeddable":true,"href":"https:\/\/www.centrumkas.pl\/ru\/wp-json\/wp\/v2\/product_cat?post=1565"},{"taxonomy":"product_tag","embeddable":true,"href":"https:\/\/www.centrumkas.pl\/ru\/wp-json\/wp\/v2\/product_tag?post=1565"}],"curies":[{"name":"wp","href":"https:\/\/api.w.org\/{rel}","templated":true}]}}