{"id":1598,"date":"2023-10-24T21:53:14","date_gmt":"2023-10-24T19:53:14","guid":{"rendered":"http:\/\/new.centrumkas.pl\/?post_type=product&#038;p=1598"},"modified":"2024-05-16T17:24:19","modified_gmt":"2024-05-16T15:24:19","slug":"nomee","status":"publish","type":"product","link":"https:\/\/www.centrumkas.pl\/ru\/product\/nomee\/","title":{"rendered":"\u043d\u043e\u043c"},"content":{"rendered":"","protected":false},"excerpt":{"rendered":"<p class=\"h4\">Usprawnij dzia\u0142anie swojego lokalu gastronomicznego instaluj\u0105c system nomee i oszcz\u0119d\u017a sw\u00f3j czas oraz twojego zespo\u0142u.<\/p>","protected":false},"featured_media":1604,"comment_status":"open","ping_status":"closed","template":"","meta":[],"product_brand":[],"product_cat":[212,248],"product_tag":[423],"class_list":{"0":"post-1598","1":"product","2":"type-product","3":"status-publish","4":"has-post-thumbnail","6":"product_cat-akcesoria","7":"product_cat-oprogramowanie","8":"product_tag-oprogramowanie-sprzedazowe","10":"first","11":"instock","12":"taxable","13":"shipping-taxable","14":"purchasable","15":"product-type-simple"},"_links":{"self":[{"href":"https:\/\/www.centrumkas.pl\/ru\/wp-json\/wp\/v2\/product\/1598","targetHints":{"allow":["GET"]}}],"collection":[{"href":"https:\/\/www.centrumkas.pl\/ru\/wp-json\/wp\/v2\/product"}],"about":[{"href":"https:\/\/www.centrumkas.pl\/ru\/wp-json\/wp\/v2\/types\/product"}],"replies":[{"embeddable":true,"href":"https:\/\/www.centrumkas.pl\/ru\/wp-json\/wp\/v2\/comments?post=1598"}],"wp:featuredmedia":[{"embeddable":true,"href":"https:\/\/www.centrumkas.pl\/ru\/wp-json\/wp\/v2\/media\/1604"}],"wp:attachment":[{"href":"https:\/\/www.centrumkas.pl\/ru\/wp-json\/wp\/v2\/media?parent=1598"}],"wp:term":[{"taxonomy":"product_brand","embeddable":true,"href":"https:\/\/www.centrumkas.pl\/ru\/wp-json\/wp\/v2\/product_brand?post=1598"},{"taxonomy":"product_cat","embeddable":true,"href":"https:\/\/www.centrumkas.pl\/ru\/wp-json\/wp\/v2\/product_cat?post=1598"},{"taxonomy":"product_tag","embeddable":true,"href":"https:\/\/www.centrumkas.pl\/ru\/wp-json\/wp\/v2\/product_tag?post=1598"}],"curies":[{"name":"wp","href":"https:\/\/api.w.org\/{rel}","templated":true}]}}