{"id":1657,"date":"2023-10-26T22:57:34","date_gmt":"2023-10-26T20:57:34","guid":{"rendered":"http:\/\/new.centrumkas.pl\/?post_type=product&#038;p=1657"},"modified":"2025-10-28T09:52:43","modified_gmt":"2025-10-28T08:52:43","slug":"gopos","status":"publish","type":"product","link":"https:\/\/www.centrumkas.pl\/ru\/product\/gopos\/","title":{"rendered":"GoPOS"},"content":{"rendered":"","protected":false},"excerpt":{"rendered":"<p class=\"h4\">GoPOS to innowacyjny, szybki i intuicyjny system sprzeda\u017cy stworzony dla potrzeb ka\u017cdego biznesu. Pozwala on na kompleksowe zarz\u0105dzanie punktem z poziomu komputera lub dowolnego urz\u0105dzenia osobistego. Oprogramowanie dzia\u0142a na Android oraz Windows i doskonale sprawdzi si\u0119 w niemal ka\u017cdej bran\u017cy &#8211; od gastronomii, przez handel detaliczny po bran\u017c\u0119 us\u0142ugow\u0105.<\/p>","protected":false},"featured_media":1663,"comment_status":"open","ping_status":"closed","template":"","meta":[],"product_brand":[],"product_cat":[212,248,548,557],"product_tag":[423],"class_list":{"0":"post-1657","1":"product","2":"type-product","3":"status-publish","4":"has-post-thumbnail","6":"product_cat-akcesoria","7":"product_cat-oprogramowanie","8":"product_cat-oprogramowanie-pos","9":"product_cat-oprogramowanie-pos-dla-fast-foodow-foodtruckow","10":"product_tag-oprogramowanie-sprzedazowe","12":"first","13":"instock","14":"taxable","15":"shipping-taxable","16":"purchasable","17":"product-type-variable"},"_links":{"self":[{"href":"https:\/\/www.centrumkas.pl\/ru\/wp-json\/wp\/v2\/product\/1657","targetHints":{"allow":["GET"]}}],"collection":[{"href":"https:\/\/www.centrumkas.pl\/ru\/wp-json\/wp\/v2\/product"}],"about":[{"href":"https:\/\/www.centrumkas.pl\/ru\/wp-json\/wp\/v2\/types\/product"}],"replies":[{"embeddable":true,"href":"https:\/\/www.centrumkas.pl\/ru\/wp-json\/wp\/v2\/comments?post=1657"}],"wp:featuredmedia":[{"embeddable":true,"href":"https:\/\/www.centrumkas.pl\/ru\/wp-json\/wp\/v2\/media\/1663"}],"wp:attachment":[{"href":"https:\/\/www.centrumkas.pl\/ru\/wp-json\/wp\/v2\/media?parent=1657"}],"wp:term":[{"taxonomy":"product_brand","embeddable":true,"href":"https:\/\/www.centrumkas.pl\/ru\/wp-json\/wp\/v2\/product_brand?post=1657"},{"taxonomy":"product_cat","embeddable":true,"href":"https:\/\/www.centrumkas.pl\/ru\/wp-json\/wp\/v2\/product_cat?post=1657"},{"taxonomy":"product_tag","embeddable":true,"href":"https:\/\/www.centrumkas.pl\/ru\/wp-json\/wp\/v2\/product_tag?post=1657"}],"curies":[{"name":"wp","href":"https:\/\/api.w.org\/{rel}","templated":true}]}}