{"id":1903,"date":"2023-11-06T22:26:34","date_gmt":"2023-11-06T21:26:34","guid":{"rendered":"https:\/\/www.centrumkas.pl\/?post_type=product&#038;p=1903"},"modified":"2024-02-18T17:01:07","modified_gmt":"2024-02-18T16:01:07","slug":"m4b-self-x-2","status":"publish","type":"product","link":"https:\/\/www.centrumkas.pl\/ru\/product\/m4b-self-x-2\/","title":{"rendered":"M4B SELF X 2"},"content":{"rendered":"","protected":false},"excerpt":{"rendered":"<div class=\"page\" title=\"Page 1\">\n<div class=\"layoutArea\">\n<div class=\"column\">\n<p>SELF Model X &#8211; dla super i hipermarket\u00f3w, do obs\u0142ugi du\u017cej ilo\u015bci klient\u00f3w robi\u0105cych wi\u0119ksze zakupy.<\/p>\n<\/div>\n<\/div>\n<\/div>","protected":false},"featured_media":1904,"comment_status":"open","ping_status":"closed","template":"","meta":[],"product_brand":[],"product_cat":[289,409],"product_tag":[424],"class_list":{"0":"post-1903","1":"product","2":"type-product","3":"status-publish","4":"has-post-thumbnail","6":"product_cat-kasy-samobslugowe","7":"product_cat-m4b","8":"product_tag-kasa-samoobslugowa","10":"first","11":"instock","12":"taxable","13":"shipping-taxable","14":"product-type-simple"},"_links":{"self":[{"href":"https:\/\/www.centrumkas.pl\/ru\/wp-json\/wp\/v2\/product\/1903","targetHints":{"allow":["GET"]}}],"collection":[{"href":"https:\/\/www.centrumkas.pl\/ru\/wp-json\/wp\/v2\/product"}],"about":[{"href":"https:\/\/www.centrumkas.pl\/ru\/wp-json\/wp\/v2\/types\/product"}],"replies":[{"embeddable":true,"href":"https:\/\/www.centrumkas.pl\/ru\/wp-json\/wp\/v2\/comments?post=1903"}],"wp:featuredmedia":[{"embeddable":true,"href":"https:\/\/www.centrumkas.pl\/ru\/wp-json\/wp\/v2\/media\/1904"}],"wp:attachment":[{"href":"https:\/\/www.centrumkas.pl\/ru\/wp-json\/wp\/v2\/media?parent=1903"}],"wp:term":[{"taxonomy":"product_brand","embeddable":true,"href":"https:\/\/www.centrumkas.pl\/ru\/wp-json\/wp\/v2\/product_brand?post=1903"},{"taxonomy":"product_cat","embeddable":true,"href":"https:\/\/www.centrumkas.pl\/ru\/wp-json\/wp\/v2\/product_cat?post=1903"},{"taxonomy":"product_tag","embeddable":true,"href":"https:\/\/www.centrumkas.pl\/ru\/wp-json\/wp\/v2\/product_tag?post=1903"}],"curies":[{"name":"wp","href":"https:\/\/api.w.org\/{rel}","templated":true}]}}