{"id":1953,"date":"2023-11-17T14:33:09","date_gmt":"2023-11-17T13:33:09","guid":{"rendered":"https:\/\/www.centrumkas.pl\/?post_type=product&#038;p=1953"},"modified":"2026-03-24T01:05:39","modified_gmt":"2026-03-24T00:05:39","slug":"novitus-point","status":"publish","type":"product","link":"https:\/\/www.centrumkas.pl\/ru\/product\/novitus-point\/","title":{"rendered":"Novitus POINT"},"content":{"rendered":"","protected":false},"excerpt":{"rendered":"<div class=\"grid-text\">\n<p class=\"heading_1 center\">Drukarka fiskalna Novitus POINT. <strong>Mocny Punkt<\/strong> Twojego Biznesu!<\/p>\n<section id=\"section_1\" class=\"section\">\n<div class=\"container\">\n<div class=\"row\">\n<div class=\"col-xs-12 col-sm-12 col-md-12 col-lg-12\">\n<p class=\"text_1 center\">Nowoczesna, funkcjonalna, szybka, \u0142atwa w obs\u0142udze, zaprojektowana wg najnowszych technologii i do tego o nietuzinkowym wygl\u0105dzie.<br \/>\nDrukarka <strong class=\"color\">POINT<\/strong> ma w sobie wszystko i jeszcze wi\u0119cej ni\u017c oczekujesz. <strong>Co j\u0105 wyr\u00f3\u017cnia? <\/strong><strong>Jest naprawd\u0119 bogato wyposa\u017cona.<\/strong><\/p>\n<\/div>\n<\/div>\n<\/div>\n<\/section>\n<section id=\"section_2\" class=\"section\"><\/section>\n<\/div>","protected":false},"featured_media":1975,"comment_status":"open","ping_status":"closed","template":"","meta":[],"product_brand":[],"product_cat":[25,540,301,518,317,303,236,542,582,530,315,323,313,576],"product_tag":[421],"class_list":{"0":"post-1953","1":"product","2":"type-product","3":"status-publish","4":"has-post-thumbnail","6":"product_cat-drukarki-fiskalne","7":"product_cat-dentysta-drukarki-fiskalne","8":"product_cat-gastronomia-drukarki-fiskalne","9":"product_cat-hurtownie-drukarki-fiskalne","10":"product_cat-kancelaria-prawna-drukarki-fiskalne","11":"product_cat-maly-sklep-drukarki-fiskalne","12":"product_cat-novitus-drukarki-fiskalne","13":"product_cat-placowka-medyczna-i-lekarze-drukarki-fiskalne","14":"product_cat-przetargi-i-zamowienia-publiczne-drukarki","15":"product_cat-punkt-handlowo-uslugowy-drukarki-fiskalne","16":"product_cat-salon-beauty-drukarki-fiskalne","17":"product_cat-salon-fryzjerski-drukarki-fiskalne","18":"product_cat-sklep-online-drukarki-fiskalne","19":"product_cat-szkola-edukacja-drukarki","20":"product_tag-drukarka-fiskalna","22":"first","23":"instock","24":"taxable","25":"shipping-taxable","26":"purchasable","27":"product-type-variable","28":"has-default-attributes"},"_links":{"self":[{"href":"https:\/\/www.centrumkas.pl\/ru\/wp-json\/wp\/v2\/product\/1953","targetHints":{"allow":["GET"]}}],"collection":[{"href":"https:\/\/www.centrumkas.pl\/ru\/wp-json\/wp\/v2\/product"}],"about":[{"href":"https:\/\/www.centrumkas.pl\/ru\/wp-json\/wp\/v2\/types\/product"}],"replies":[{"embeddable":true,"href":"https:\/\/www.centrumkas.pl\/ru\/wp-json\/wp\/v2\/comments?post=1953"}],"wp:featuredmedia":[{"embeddable":true,"href":"https:\/\/www.centrumkas.pl\/ru\/wp-json\/wp\/v2\/media\/1975"}],"wp:attachment":[{"href":"https:\/\/www.centrumkas.pl\/ru\/wp-json\/wp\/v2\/media?parent=1953"}],"wp:term":[{"taxonomy":"product_brand","embeddable":true,"href":"https:\/\/www.centrumkas.pl\/ru\/wp-json\/wp\/v2\/product_brand?post=1953"},{"taxonomy":"product_cat","embeddable":true,"href":"https:\/\/www.centrumkas.pl\/ru\/wp-json\/wp\/v2\/product_cat?post=1953"},{"taxonomy":"product_tag","embeddable":true,"href":"https:\/\/www.centrumkas.pl\/ru\/wp-json\/wp\/v2\/product_tag?post=1953"}],"curies":[{"name":"wp","href":"https:\/\/api.w.org\/{rel}","templated":true}]}}