{"id":2032,"date":"2023-12-03T11:57:46","date_gmt":"2023-12-03T10:57:46","guid":{"rendered":"https:\/\/www.centrumkas.pl\/?post_type=product&#038;p=2032"},"modified":"2025-06-15T21:16:36","modified_gmt":"2025-06-15T19:16:36","slug":"fawag-box","status":"publish","type":"product","link":"https:\/\/www.centrumkas.pl\/ru\/product\/fawag-box\/","title":{"rendered":"Fawag box"},"content":{"rendered":"","protected":false},"excerpt":{"rendered":"<div class=\"grid-text\">\n<p><strong>Fawag box<\/strong> to pierwsza drukarka fiskalna sygnowana mark\u0105 Fawag. To urz\u0105dzenie o\u00a0niedu\u017cych gabarytach i\u00a0minimalistycznym, eleganckim designie.<\/p>\n<p><strong>Fawag box<\/strong> jest intuicyjne w\u00a0obs\u0142udze, komfortowe w\u00a0u\u017cytkowaniu i\u00a0oferuje wszystkie niezb\u0119dne funkcje. Drukarka jest znakomitym wsparciem fiskalnym dla niedu\u017cych punkt\u00f3w handlowo-us\u0142ugowych<\/p>\n<section id=\"section_2\" class=\"section\"><\/section>\n<\/div>","protected":false},"featured_media":2372,"comment_status":"open","ping_status":"closed","template":"","meta":[],"product_brand":[],"product_cat":[25,301,518,303,236,530,315,323,307,305],"product_tag":[421],"class_list":{"0":"post-2032","1":"product","2":"type-product","3":"status-publish","4":"has-post-thumbnail","6":"product_cat-drukarki-fiskalne","7":"product_cat-gastronomia-drukarki-fiskalne","8":"product_cat-hurtownie-drukarki-fiskalne","9":"product_cat-maly-sklep-drukarki-fiskalne","10":"product_cat-novitus-drukarki-fiskalne","11":"product_cat-punkt-handlowo-uslugowy-drukarki-fiskalne","12":"product_cat-salon-beauty-drukarki-fiskalne","13":"product_cat-salon-fryzjerski-drukarki-fiskalne","14":"product_cat-warsztat-samochodowy-drukarki-fiskalne","15":"product_cat-wulkanizacja-drukarki-fiskalne","16":"product_tag-drukarka-fiskalna","18":"first","19":"instock","20":"taxable","21":"shipping-taxable","22":"purchasable","23":"product-type-simple"},"_links":{"self":[{"href":"https:\/\/www.centrumkas.pl\/ru\/wp-json\/wp\/v2\/product\/2032","targetHints":{"allow":["GET"]}}],"collection":[{"href":"https:\/\/www.centrumkas.pl\/ru\/wp-json\/wp\/v2\/product"}],"about":[{"href":"https:\/\/www.centrumkas.pl\/ru\/wp-json\/wp\/v2\/types\/product"}],"replies":[{"embeddable":true,"href":"https:\/\/www.centrumkas.pl\/ru\/wp-json\/wp\/v2\/comments?post=2032"}],"wp:featuredmedia":[{"embeddable":true,"href":"https:\/\/www.centrumkas.pl\/ru\/wp-json\/wp\/v2\/media\/2372"}],"wp:attachment":[{"href":"https:\/\/www.centrumkas.pl\/ru\/wp-json\/wp\/v2\/media?parent=2032"}],"wp:term":[{"taxonomy":"product_brand","embeddable":true,"href":"https:\/\/www.centrumkas.pl\/ru\/wp-json\/wp\/v2\/product_brand?post=2032"},{"taxonomy":"product_cat","embeddable":true,"href":"https:\/\/www.centrumkas.pl\/ru\/wp-json\/wp\/v2\/product_cat?post=2032"},{"taxonomy":"product_tag","embeddable":true,"href":"https:\/\/www.centrumkas.pl\/ru\/wp-json\/wp\/v2\/product_tag?post=2032"}],"curies":[{"name":"wp","href":"https:\/\/api.w.org\/{rel}","templated":true}]}}