{"id":2288,"date":"2024-04-11T12:25:01","date_gmt":"2024-04-11T10:25:01","guid":{"rendered":"https:\/\/www.centrumkas.pl\/?post_type=product&#038;p=2288"},"modified":"2024-08-26T22:18:58","modified_gmt":"2024-08-26T20:18:58","slug":"uchwyt-terminala-lane3000","status":"publish","type":"product","link":"https:\/\/www.centrumkas.pl\/ru\/product\/uchwyt-terminala-lane3000\/","title":{"rendered":"Uchwyt terminala LANE3000"},"content":{"rendered":"","protected":false},"excerpt":{"rendered":"<p>Solidny uchwyt, kt\u00f3ry umo\u017cliwia monta\u017c terminala LANE3000 na p\u0142aszczy\u017anie poziomej b\u0105d\u017a pionowej.<\/p>","protected":false},"featured_media":2290,"comment_status":"open","ping_status":"closed","template":"","meta":[],"product_brand":[],"product_cat":[212,428],"product_tag":[455,456],"class_list":{"0":"post-2288","1":"product","2":"type-product","3":"status-publish","4":"has-post-thumbnail","6":"product_cat-akcesoria","7":"product_cat-bazy-i-uchwyty-montazowe","8":"product_tag-akcesoria","9":"product_tag-uchwyt","11":"first","12":"instock","13":"taxable","14":"shipping-taxable","15":"purchasable","16":"product-type-simple"},"_links":{"self":[{"href":"https:\/\/www.centrumkas.pl\/ru\/wp-json\/wp\/v2\/product\/2288","targetHints":{"allow":["GET"]}}],"collection":[{"href":"https:\/\/www.centrumkas.pl\/ru\/wp-json\/wp\/v2\/product"}],"about":[{"href":"https:\/\/www.centrumkas.pl\/ru\/wp-json\/wp\/v2\/types\/product"}],"replies":[{"embeddable":true,"href":"https:\/\/www.centrumkas.pl\/ru\/wp-json\/wp\/v2\/comments?post=2288"}],"wp:featuredmedia":[{"embeddable":true,"href":"https:\/\/www.centrumkas.pl\/ru\/wp-json\/wp\/v2\/media\/2290"}],"wp:attachment":[{"href":"https:\/\/www.centrumkas.pl\/ru\/wp-json\/wp\/v2\/media?parent=2288"}],"wp:term":[{"taxonomy":"product_brand","embeddable":true,"href":"https:\/\/www.centrumkas.pl\/ru\/wp-json\/wp\/v2\/product_brand?post=2288"},{"taxonomy":"product_cat","embeddable":true,"href":"https:\/\/www.centrumkas.pl\/ru\/wp-json\/wp\/v2\/product_cat?post=2288"},{"taxonomy":"product_tag","embeddable":true,"href":"https:\/\/www.centrumkas.pl\/ru\/wp-json\/wp\/v2\/product_tag?post=2288"}],"curies":[{"name":"wp","href":"https:\/\/api.w.org\/{rel}","templated":true}]}}