{"id":2298,"date":"2024-04-14T21:16:46","date_gmt":"2024-04-14T19:16:46","guid":{"rendered":"https:\/\/www.centrumkas.pl\/?post_type=product&#038;p=2298"},"modified":"2024-08-26T22:18:18","modified_gmt":"2024-08-26T20:18:18","slug":"baza-do-uchwytu-next-em-105","status":"publish","type":"product","link":"https:\/\/www.centrumkas.pl\/ru\/product\/baza-do-uchwytu-next-em-105\/","title":{"rendered":"Baza do uchwytu Next EM-105"},"content":{"rendered":"","protected":false},"excerpt":{"rendered":"<p>Baz\u0119 przykr\u0119camy w dedykowanym miejscu w autobusie, w kt\u00f3rym ma pracowa\u0107 kasa fiskalna.<\/p>","protected":false},"featured_media":2299,"comment_status":"open","ping_status":"closed","template":"","meta":[],"product_brand":[],"product_cat":[212,428],"product_tag":[455,456],"class_list":{"0":"post-2298","1":"product","2":"type-product","3":"status-publish","4":"has-post-thumbnail","6":"product_cat-akcesoria","7":"product_cat-bazy-i-uchwyty-montazowe","8":"product_tag-akcesoria","9":"product_tag-uchwyt","11":"first","12":"instock","13":"taxable","14":"shipping-taxable","15":"purchasable","16":"product-type-simple"},"_links":{"self":[{"href":"https:\/\/www.centrumkas.pl\/ru\/wp-json\/wp\/v2\/product\/2298","targetHints":{"allow":["GET"]}}],"collection":[{"href":"https:\/\/www.centrumkas.pl\/ru\/wp-json\/wp\/v2\/product"}],"about":[{"href":"https:\/\/www.centrumkas.pl\/ru\/wp-json\/wp\/v2\/types\/product"}],"replies":[{"embeddable":true,"href":"https:\/\/www.centrumkas.pl\/ru\/wp-json\/wp\/v2\/comments?post=2298"}],"wp:featuredmedia":[{"embeddable":true,"href":"https:\/\/www.centrumkas.pl\/ru\/wp-json\/wp\/v2\/media\/2299"}],"wp:attachment":[{"href":"https:\/\/www.centrumkas.pl\/ru\/wp-json\/wp\/v2\/media?parent=2298"}],"wp:term":[{"taxonomy":"product_brand","embeddable":true,"href":"https:\/\/www.centrumkas.pl\/ru\/wp-json\/wp\/v2\/product_brand?post=2298"},{"taxonomy":"product_cat","embeddable":true,"href":"https:\/\/www.centrumkas.pl\/ru\/wp-json\/wp\/v2\/product_cat?post=2298"},{"taxonomy":"product_tag","embeddable":true,"href":"https:\/\/www.centrumkas.pl\/ru\/wp-json\/wp\/v2\/product_tag?post=2298"}],"curies":[{"name":"wp","href":"https:\/\/api.w.org\/{rel}","templated":true}]}}