{"id":3929,"date":"2024-07-10T16:08:41","date_gmt":"2024-07-10T14:08:41","guid":{"rendered":"https:\/\/www.centrumkas.pl\/?post_type=product&#038;p=3929"},"modified":"2024-08-25T16:00:14","modified_gmt":"2024-08-25T14:00:14","slug":"sunso-wtp802","status":"publish","type":"product","link":"https:\/\/www.centrumkas.pl\/ru\/product\/sunso-wtp802\/","title":{"rendered":"Sunso WTP802"},"content":{"rendered":"","protected":false},"excerpt":{"rendered":"<p>Ma\u0142a drukarka termiczna Sunso WTP802, zaprojektowana jest do pracy w ci\u0119\u017ckich warunkach. Potr\u00f3jny interfejs komunikacyjny (USB+RS232+LAN) oraz szerokie mo\u017cliwo\u015bci konfiguracji funkcji za pomoc\u0105 dedykowanego oprogramowania u\u0142atwiaj\u0105 procesy wdra\u017cania urz\u0105dze\u0144 w zaawansowanych systemach informatycznych<\/p>","protected":false},"featured_media":3932,"comment_status":"open","ping_status":"closed","template":"","meta":[],"product_brand":[],"product_cat":[212,285],"product_tag":[453],"class_list":{"0":"post-3929","1":"product","2":"type-product","3":"status-publish","4":"has-post-thumbnail","6":"product_cat-akcesoria","7":"product_cat-drukarki-zamowien-kodow","8":"product_tag-drukarka-kodow","10":"first","11":"instock","12":"taxable","13":"shipping-taxable","14":"purchasable","15":"product-type-simple"},"_links":{"self":[{"href":"https:\/\/www.centrumkas.pl\/ru\/wp-json\/wp\/v2\/product\/3929","targetHints":{"allow":["GET"]}}],"collection":[{"href":"https:\/\/www.centrumkas.pl\/ru\/wp-json\/wp\/v2\/product"}],"about":[{"href":"https:\/\/www.centrumkas.pl\/ru\/wp-json\/wp\/v2\/types\/product"}],"replies":[{"embeddable":true,"href":"https:\/\/www.centrumkas.pl\/ru\/wp-json\/wp\/v2\/comments?post=3929"}],"wp:featuredmedia":[{"embeddable":true,"href":"https:\/\/www.centrumkas.pl\/ru\/wp-json\/wp\/v2\/media\/3932"}],"wp:attachment":[{"href":"https:\/\/www.centrumkas.pl\/ru\/wp-json\/wp\/v2\/media?parent=3929"}],"wp:term":[{"taxonomy":"product_brand","embeddable":true,"href":"https:\/\/www.centrumkas.pl\/ru\/wp-json\/wp\/v2\/product_brand?post=3929"},{"taxonomy":"product_cat","embeddable":true,"href":"https:\/\/www.centrumkas.pl\/ru\/wp-json\/wp\/v2\/product_cat?post=3929"},{"taxonomy":"product_tag","embeddable":true,"href":"https:\/\/www.centrumkas.pl\/ru\/wp-json\/wp\/v2\/product_tag?post=3929"}],"curies":[{"name":"wp","href":"https:\/\/api.w.org\/{rel}","templated":true}]}}