{"id":3965,"date":"2024-07-11T19:14:43","date_gmt":"2024-07-11T17:14:43","guid":{"rendered":"https:\/\/www.centrumkas.pl\/?post_type=product&#038;p=3965"},"modified":"2026-03-30T08:36:03","modified_gmt":"2026-03-30T06:36:03","slug":"novitus-one-pro","status":"publish","type":"product","link":"https:\/\/www.centrumkas.pl\/ru\/product\/novitus-one-pro\/","title":{"rendered":"Novitus ONE Pro"},"content":{"rendered":"","protected":false},"excerpt":{"rendered":"<h3 data-sourcepos=\"1:1-1:87\">Poznaj kas\u0119 fiskaln\u0105 ONE PRO &#8211; najnowocze\u015bniejsz\u0105 technologi\u0119 w zasi\u0119gu Twojej r\u0119ki!<\/h3>\n<p data-sourcepos=\"3:1-3:10\">Wersja PRO kasy Novitus ONE to prawdziwy skok technologiczny! Wyposa\u017cona w system Android 10.0, oferuje 4-krotnie wi\u0119ksz\u0105 moc procesora, 2-krotnie wi\u0119cej pami\u0119ci na dane i 4-krotnie szybszy RAM. Dzi\u0119ki temu zapewnia b\u0142yskawiczn\u0105 prac\u0119 i obs\u0142ug\u0119 najbardziej wymagaj\u0105cych aplikacji. Kasa Novitus ONE PRO umo\u017cliwia wsp\u00f3\u0142prac\u0119 z terminalem p\u0142atniczym na jednym kablu, co znacz\u0105co upraszcza stanowisko kasjerskie i oszcz\u0119dza czas. Dodatkowo, oferuje funkcj\u0119 prawdziwego e-Paragonu w aplikacji MF, co u\u0142atwia klientom dost\u0119p do paragon\u00f3w i faktur w formie elektronicznej.<\/p>\n<p data-sourcepos=\"7:1-7:22\">Wybierz kas\u0119 Novitus ONE PRO i postaw na innowacyjne rozwi\u0105zania, kt\u00f3re zrewolucjonizuj\u0105 Tw\u00f3j biznes!<\/p>","protected":false},"featured_media":3980,"comment_status":"open","ping_status":"closed","template":"","meta":[],"product_brand":[],"product_cat":[537,543,316,141,523,302,233,541,581,568,314,322,574,406],"product_tag":[432],"class_list":{"0":"post-3965","1":"product","2":"type-product","3":"status-publish","4":"has-post-thumbnail","6":"product_cat-dentysta","7":"product_cat-firma-uslugowa","8":"product_cat-kancelaria-prawna","9":"product_cat-kasy-fiskalne","10":"product_cat-komis-samochodowy-i-autohandel","11":"product_cat-maly-sklep","12":"product_cat-novitus","13":"product_cat-placowka-medyczna-i-lekarze","14":"product_cat-przetargi-i-zamowienia-publiczne","15":"product_cat-sala-zabaw","16":"product_cat-salon-beauty","17":"product_cat-salon-fryzjerski","18":"product_cat-szkola-edukacja","19":"product_cat-top-sprzedaz","20":"product_tag-kasa-fiskalna","22":"first","23":"instock","24":"taxable","25":"shipping-taxable","26":"purchasable","27":"product-type-variable"},"_links":{"self":[{"href":"https:\/\/www.centrumkas.pl\/ru\/wp-json\/wp\/v2\/product\/3965","targetHints":{"allow":["GET"]}}],"collection":[{"href":"https:\/\/www.centrumkas.pl\/ru\/wp-json\/wp\/v2\/product"}],"about":[{"href":"https:\/\/www.centrumkas.pl\/ru\/wp-json\/wp\/v2\/types\/product"}],"replies":[{"embeddable":true,"href":"https:\/\/www.centrumkas.pl\/ru\/wp-json\/wp\/v2\/comments?post=3965"}],"wp:featuredmedia":[{"embeddable":true,"href":"https:\/\/www.centrumkas.pl\/ru\/wp-json\/wp\/v2\/media\/3980"}],"wp:attachment":[{"href":"https:\/\/www.centrumkas.pl\/ru\/wp-json\/wp\/v2\/media?parent=3965"}],"wp:term":[{"taxonomy":"product_brand","embeddable":true,"href":"https:\/\/www.centrumkas.pl\/ru\/wp-json\/wp\/v2\/product_brand?post=3965"},{"taxonomy":"product_cat","embeddable":true,"href":"https:\/\/www.centrumkas.pl\/ru\/wp-json\/wp\/v2\/product_cat?post=3965"},{"taxonomy":"product_tag","embeddable":true,"href":"https:\/\/www.centrumkas.pl\/ru\/wp-json\/wp\/v2\/product_tag?post=3965"}],"curies":[{"name":"wp","href":"https:\/\/api.w.org\/{rel}","templated":true}]}}