{"id":4029,"date":"2024-07-30T23:04:36","date_gmt":"2024-07-30T21:04:36","guid":{"rendered":"https:\/\/www.centrumkas.pl\/?post_type=product&#038;p=4029"},"modified":"2026-03-24T00:26:01","modified_gmt":"2026-03-23T23:26:01","slug":"drukarka-posnet-vero-gopos-terminal-pax-a920","status":"publish","type":"product","link":"https:\/\/www.centrumkas.pl\/ru\/product\/drukarka-posnet-vero-gopos-terminal-pax-a920\/","title":{"rendered":"Drukarka Posnet Vero + GoPOS + Terminal PAX A920"},"content":{"rendered":"","protected":false},"excerpt":{"rendered":"<p>Szukasz niezawodnego systemu do zarz\u0105dzania Twoj\u0105 restauracj\u0105?<strong> Zestaw Posnet VERO <\/strong>to idealne rozwi\u0105zanie,kt\u00f3re pomo\u017ce Ci usprawni\u0107 obs\u0142ug\u0119 klient\u00f3w i zwi\u0119kszy\u0107 efektywno\u015b\u0107.<\/p>\n<div>\n<div>Kompaktowe stanowisko wraz z promocyjnym oprogramowanie <b>\u0413\u043e\u041f\u041e\u0421<\/b> i terminalem p\u0142atniczym\u00a0<b>PAX A920<\/b> to gwarancja p\u0142ynnej pracy<\/div>\n<div><\/div>\n<div>Dzi\u0119ki niemu zestawowi zwi\u0119kszysz sprzeda\u017c i poprawisz jako\u015b\u0107 obs\u0142ugi klient\u00f3w.<\/div>\n<div><\/div>\n<div>U\u017cytkownik nabywa drukark\u0119,\u00a0Dzi\u0119ki czemu ma mo\u017cliwo\u015b\u0107 skorzystania z\u00a0ulgi Urz\u0119du Skarbowego do 700 z\u0142 na zakup urz\u0105dzenia fiskalnego.<\/div>\n<\/div>","protected":false},"featured_media":4028,"comment_status":"open","ping_status":"closed","template":"","meta":[],"product_brand":[],"product_cat":[451,539,547,464,546,580,532,573,472,473,579,469],"product_tag":[422],"class_list":{"0":"post-4029","1":"product","2":"type-product","3":"status-publish","4":"has-post-thumbnail","6":"product_cat-zestawy-z-drukarka-fiskalna","7":"product_cat-zestawy-z-drukarka-fiskalna-dla-dentystow","8":"product_cat-zestawy-z-drukarka-fiskalna-dla-firm-uslugowych","9":"product_cat-zestawy-z-drukarka-fiskalna-dla-gastronomii","10":"product_cat-zestawy-z-drukarka-fiskalna-dla-placowek-medycznych-i-lekarzy","11":"product_cat-zestawy-z-drukarka-fiskalna-dla-przetargow-i-zamowien-publicznych","12":"product_cat-zestawy-z-drukarka-fiskalna-dla-punktow-handlowo-uslugowych","13":"product_cat-zestawy-z-drukarka-fiskalna-dla-sal-zabaw","14":"product_cat-zestawy-z-drukarka-fiskalna-dla-salonow-beauty","15":"product_cat-zestawy-z-drukarka-fiskalna-dla-salonow-fryzjerskich","16":"product_cat-zestawy-z-drukarka-fiskalna-dla-szkol-edukacji","17":"product_cat-zestawy-z-drukarka-fiskalna-dla-warsztatow-samochodowych","18":"product_tag-all-in-one","20":"first","21":"instock","22":"taxable","23":"shipping-taxable","24":"purchasable","25":"product-type-simple"},"_links":{"self":[{"href":"https:\/\/www.centrumkas.pl\/ru\/wp-json\/wp\/v2\/product\/4029","targetHints":{"allow":["GET"]}}],"collection":[{"href":"https:\/\/www.centrumkas.pl\/ru\/wp-json\/wp\/v2\/product"}],"about":[{"href":"https:\/\/www.centrumkas.pl\/ru\/wp-json\/wp\/v2\/types\/product"}],"replies":[{"embeddable":true,"href":"https:\/\/www.centrumkas.pl\/ru\/wp-json\/wp\/v2\/comments?post=4029"}],"wp:featuredmedia":[{"embeddable":true,"href":"https:\/\/www.centrumkas.pl\/ru\/wp-json\/wp\/v2\/media\/4028"}],"wp:attachment":[{"href":"https:\/\/www.centrumkas.pl\/ru\/wp-json\/wp\/v2\/media?parent=4029"}],"wp:term":[{"taxonomy":"product_brand","embeddable":true,"href":"https:\/\/www.centrumkas.pl\/ru\/wp-json\/wp\/v2\/product_brand?post=4029"},{"taxonomy":"product_cat","embeddable":true,"href":"https:\/\/www.centrumkas.pl\/ru\/wp-json\/wp\/v2\/product_cat?post=4029"},{"taxonomy":"product_tag","embeddable":true,"href":"https:\/\/www.centrumkas.pl\/ru\/wp-json\/wp\/v2\/product_tag?post=4029"}],"curies":[{"name":"wp","href":"https:\/\/api.w.org\/{rel}","templated":true}]}}