{"id":4252,"date":"2024-12-29T23:20:56","date_gmt":"2024-12-29T22:20:56","guid":{"rendered":"https:\/\/www.centrumkas.pl\/?post_type=product&#038;p=4252"},"modified":"2025-01-29T09:23:19","modified_gmt":"2025-01-29T08:23:19","slug":"rolki-termiczne-do-kas-fiskalnych","status":"publish","type":"product","link":"https:\/\/www.centrumkas.pl\/ru\/product\/rolki-termiczne-do-kas-fiskalnych\/","title":{"rendered":"Rolki termiczne do kas fiskalnych"},"content":{"rendered":"","protected":false},"excerpt":{"rendered":"<p>Rolki termiczne produkowane z papieru Mitsubishi to specjalistyczny produkt, zapewniaj\u0105cy najwy\u017csz\u0105 jako\u015b\u0107 wydruk\u00f3w, w nawet najbardziej wymagaj\u0105cym \u015brodowisku pracy. Papier ten charakteryzuje si\u0119 wyj\u0105tkowymi parametrami, spe\u0142niaj\u0105c pierwszorz\u0119dne standardy w zakresie g\u0142adko\u015bci, bia\u0142o\u015bci oraz nieprzezroczysto\u015bci. Takie w\u0142a\u015bciwo\u015bci sprawiaj\u0105, \u017ce papier jest idealnym wyborem dla wszystkich u\u017cytkownik\u00f3w kas fiskalnych, drukarek fiskalnych, terminali p\u0142atniczych oraz innych urz\u0105dze\u0144.<\/p>","protected":false},"featured_media":4212,"comment_status":"open","ping_status":"closed","template":"","meta":[],"product_brand":[],"product_cat":[212,446],"product_tag":[454],"class_list":{"0":"post-4252","1":"product","2":"type-product","3":"status-publish","4":"has-post-thumbnail","6":"product_cat-akcesoria","7":"product_cat-rolki-termiczne","8":"product_tag-rolki-termiczne","10":"first","11":"instock","12":"taxable","13":"shipping-taxable","14":"purchasable","15":"product-type-variable"},"_links":{"self":[{"href":"https:\/\/www.centrumkas.pl\/ru\/wp-json\/wp\/v2\/product\/4252","targetHints":{"allow":["GET"]}}],"collection":[{"href":"https:\/\/www.centrumkas.pl\/ru\/wp-json\/wp\/v2\/product"}],"about":[{"href":"https:\/\/www.centrumkas.pl\/ru\/wp-json\/wp\/v2\/types\/product"}],"replies":[{"embeddable":true,"href":"https:\/\/www.centrumkas.pl\/ru\/wp-json\/wp\/v2\/comments?post=4252"}],"wp:featuredmedia":[{"embeddable":true,"href":"https:\/\/www.centrumkas.pl\/ru\/wp-json\/wp\/v2\/media\/4212"}],"wp:attachment":[{"href":"https:\/\/www.centrumkas.pl\/ru\/wp-json\/wp\/v2\/media?parent=4252"}],"wp:term":[{"taxonomy":"product_brand","embeddable":true,"href":"https:\/\/www.centrumkas.pl\/ru\/wp-json\/wp\/v2\/product_brand?post=4252"},{"taxonomy":"product_cat","embeddable":true,"href":"https:\/\/www.centrumkas.pl\/ru\/wp-json\/wp\/v2\/product_cat?post=4252"},{"taxonomy":"product_tag","embeddable":true,"href":"https:\/\/www.centrumkas.pl\/ru\/wp-json\/wp\/v2\/product_tag?post=4252"}],"curies":[{"name":"wp","href":"https:\/\/api.w.org\/{rel}","templated":true}]}}