{"id":4408,"date":"2025-04-05T19:52:43","date_gmt":"2025-04-05T17:52:43","guid":{"rendered":"https:\/\/www.centrumkas.pl\/?post_type=product&#038;p=4408"},"modified":"2025-10-28T09:36:13","modified_gmt":"2025-10-28T08:36:13","slug":"honeywell-voyager-1470g","status":"publish","type":"product","link":"https:\/\/www.centrumkas.pl\/ru\/product\/honeywell-voyager-1470g\/","title":{"rendered":"Honeywell Voyager 1470G"},"content":{"rendered":"","protected":false},"excerpt":{"rendered":"<ul>\n<li>Typ czytnika: stacjonarny \/ area imager<\/li>\n<li>Zastosowanie (nat\u0119\u017cenie ruchu): \u015brednie \/ du\u017ce<\/li>\n<li>Wyzwalanie odczytu: r\u0119czne \/ automatyczne<\/li>\n<\/ul>","protected":false},"featured_media":4409,"comment_status":"open","ping_status":"closed","template":"","meta":[],"product_brand":[],"product_cat":[212,554,379,213,512,520,508,555,490],"product_tag":[427],"class_list":{"0":"post-4408","1":"product","2":"type-product","3":"status-publish","4":"has-post-thumbnail","6":"product_cat-akcesoria","7":"product_cat-akcesoria-dla-przewozu-osob-liniami-regularnymi","8":"product_cat-honeywell","9":"product_cat-skanery-kodow-kreskowych","10":"product_cat-skanery-kodow-kreskowych-dla-handlu-obwoznego","11":"product_cat-skanery-kodow-kreskowych-dla-hurtowni","12":"product_cat-skanery-kodow-kreskowych-dla-kioskow-i-salonow-prasowych","13":"product_cat-skanery-kodow-kreskowych-dla-przewozu-osob-liniami-regularnymi","14":"product_cat-skanery-kodow-kreskowych-dla-stacji-paliw","15":"product_tag-skaner-kodow-kreskowych","17":"first","18":"instock","19":"taxable","20":"shipping-taxable","21":"purchasable","22":"product-type-simple"},"_links":{"self":[{"href":"https:\/\/www.centrumkas.pl\/ru\/wp-json\/wp\/v2\/product\/4408","targetHints":{"allow":["GET"]}}],"collection":[{"href":"https:\/\/www.centrumkas.pl\/ru\/wp-json\/wp\/v2\/product"}],"about":[{"href":"https:\/\/www.centrumkas.pl\/ru\/wp-json\/wp\/v2\/types\/product"}],"replies":[{"embeddable":true,"href":"https:\/\/www.centrumkas.pl\/ru\/wp-json\/wp\/v2\/comments?post=4408"}],"wp:featuredmedia":[{"embeddable":true,"href":"https:\/\/www.centrumkas.pl\/ru\/wp-json\/wp\/v2\/media\/4409"}],"wp:attachment":[{"href":"https:\/\/www.centrumkas.pl\/ru\/wp-json\/wp\/v2\/media?parent=4408"}],"wp:term":[{"taxonomy":"product_brand","embeddable":true,"href":"https:\/\/www.centrumkas.pl\/ru\/wp-json\/wp\/v2\/product_brand?post=4408"},{"taxonomy":"product_cat","embeddable":true,"href":"https:\/\/www.centrumkas.pl\/ru\/wp-json\/wp\/v2\/product_cat?post=4408"},{"taxonomy":"product_tag","embeddable":true,"href":"https:\/\/www.centrumkas.pl\/ru\/wp-json\/wp\/v2\/product_tag?post=4408"}],"curies":[{"name":"wp","href":"https:\/\/api.w.org\/{rel}","templated":true}]}}