{"id":4412,"date":"2025-04-05T22:17:48","date_gmt":"2025-04-05T20:17:48","guid":{"rendered":"https:\/\/www.centrumkas.pl\/?post_type=product&#038;p=4412"},"modified":"2025-05-09T00:06:30","modified_gmt":"2025-05-08T22:06:30","slug":"honeywell-xenon-performance-xp-1950g","status":"publish","type":"product","link":"https:\/\/www.centrumkas.pl\/ru\/product\/honeywell-xenon-performance-xp-1950g\/","title":{"rendered":"\u041a\u0441\u0435\u043d\u043e\u043d\u043e\u0432\u0430\u044f \u043b\u0430\u043c\u043f\u0430 Honeywell Xenon Performance (XP) 1950G"},"content":{"rendered":"","protected":false},"excerpt":{"rendered":"<p>Xenon 1950G to urz\u0105dzenie, kt\u00f3re zosta\u0142o zaprojektowane jako odpowied\u017a na skanery, kt\u00f3re w bardzo szybki spos\u00f3b nie radz\u0105 sobie z odczytem kod\u00f3w \u017ale wydrukowanych i uszkodzonych.<\/p>","protected":false},"featured_media":4413,"comment_status":"open","ping_status":"closed","template":"","meta":[],"product_brand":[],"product_cat":[212,379,213],"product_tag":[427],"class_list":{"0":"post-4412","1":"product","2":"type-product","3":"status-publish","4":"has-post-thumbnail","6":"product_cat-akcesoria","7":"product_cat-honeywell","8":"product_cat-skanery-kodow-kreskowych","9":"product_tag-skaner-kodow-kreskowych","11":"first","12":"instock","13":"taxable","14":"shipping-taxable","15":"purchasable","16":"product-type-simple"},"_links":{"self":[{"href":"https:\/\/www.centrumkas.pl\/ru\/wp-json\/wp\/v2\/product\/4412","targetHints":{"allow":["GET"]}}],"collection":[{"href":"https:\/\/www.centrumkas.pl\/ru\/wp-json\/wp\/v2\/product"}],"about":[{"href":"https:\/\/www.centrumkas.pl\/ru\/wp-json\/wp\/v2\/types\/product"}],"replies":[{"embeddable":true,"href":"https:\/\/www.centrumkas.pl\/ru\/wp-json\/wp\/v2\/comments?post=4412"}],"wp:featuredmedia":[{"embeddable":true,"href":"https:\/\/www.centrumkas.pl\/ru\/wp-json\/wp\/v2\/media\/4413"}],"wp:attachment":[{"href":"https:\/\/www.centrumkas.pl\/ru\/wp-json\/wp\/v2\/media?parent=4412"}],"wp:term":[{"taxonomy":"product_brand","embeddable":true,"href":"https:\/\/www.centrumkas.pl\/ru\/wp-json\/wp\/v2\/product_brand?post=4412"},{"taxonomy":"product_cat","embeddable":true,"href":"https:\/\/www.centrumkas.pl\/ru\/wp-json\/wp\/v2\/product_cat?post=4412"},{"taxonomy":"product_tag","embeddable":true,"href":"https:\/\/www.centrumkas.pl\/ru\/wp-json\/wp\/v2\/product_tag?post=4412"}],"curies":[{"name":"wp","href":"https:\/\/api.w.org\/{rel}","templated":true}]}}