{"id":4421,"date":"2025-04-05T23:49:51","date_gmt":"2025-04-05T21:49:51","guid":{"rendered":"https:\/\/www.centrumkas.pl\/?post_type=product&#038;p=4421"},"modified":"2025-05-08T23:58:10","modified_gmt":"2025-05-08T21:58:10","slug":"honeywell-vuqest-3320g","status":"publish","type":"product","link":"https:\/\/www.centrumkas.pl\/ru\/product\/honeywell-vuqest-3320g\/","title":{"rendered":"Honeywell Vuqest 3320G"},"content":{"rendered":"","protected":false},"excerpt":{"rendered":"<ul>\n<li>Typ czytnika: kompaktowy \/ area imager<\/li>\n<li>Zastosowanie (nat\u0119\u017cenie ruchu): \u015brednie<\/li>\n<li>Wyzwalanie odczytu: r\u0119czne \/ automatyczne \/ opcja Multiple Symbols<\/li>\n<\/ul>","protected":false},"featured_media":4422,"comment_status":"open","ping_status":"closed","template":"","meta":[],"product_brand":[],"product_cat":[212,379,213,490],"product_tag":[427],"class_list":{"0":"post-4421","1":"product","2":"type-product","3":"status-publish","4":"has-post-thumbnail","6":"product_cat-akcesoria","7":"product_cat-honeywell","8":"product_cat-skanery-kodow-kreskowych","9":"product_cat-skanery-kodow-kreskowych-dla-stacji-paliw","10":"product_tag-skaner-kodow-kreskowych","12":"first","13":"instock","14":"taxable","15":"shipping-taxable","16":"purchasable","17":"product-type-simple"},"_links":{"self":[{"href":"https:\/\/www.centrumkas.pl\/ru\/wp-json\/wp\/v2\/product\/4421","targetHints":{"allow":["GET"]}}],"collection":[{"href":"https:\/\/www.centrumkas.pl\/ru\/wp-json\/wp\/v2\/product"}],"about":[{"href":"https:\/\/www.centrumkas.pl\/ru\/wp-json\/wp\/v2\/types\/product"}],"replies":[{"embeddable":true,"href":"https:\/\/www.centrumkas.pl\/ru\/wp-json\/wp\/v2\/comments?post=4421"}],"wp:featuredmedia":[{"embeddable":true,"href":"https:\/\/www.centrumkas.pl\/ru\/wp-json\/wp\/v2\/media\/4422"}],"wp:attachment":[{"href":"https:\/\/www.centrumkas.pl\/ru\/wp-json\/wp\/v2\/media?parent=4421"}],"wp:term":[{"taxonomy":"product_brand","embeddable":true,"href":"https:\/\/www.centrumkas.pl\/ru\/wp-json\/wp\/v2\/product_brand?post=4421"},{"taxonomy":"product_cat","embeddable":true,"href":"https:\/\/www.centrumkas.pl\/ru\/wp-json\/wp\/v2\/product_cat?post=4421"},{"taxonomy":"product_tag","embeddable":true,"href":"https:\/\/www.centrumkas.pl\/ru\/wp-json\/wp\/v2\/product_tag?post=4421"}],"curies":[{"name":"wp","href":"https:\/\/api.w.org\/{rel}","templated":true}]}}