{"id":4425,"date":"2025-04-06T18:05:30","date_gmt":"2025-04-06T16:05:30","guid":{"rendered":"https:\/\/www.centrumkas.pl\/?post_type=product&#038;p=4425"},"modified":"2026-03-13T01:00:40","modified_gmt":"2026-03-13T00:00:40","slug":"posnet-evo-ipos","status":"publish","type":"product","link":"https:\/\/www.centrumkas.pl\/ru\/product\/posnet-evo-ipos\/","title":{"rendered":"Posnet EVO IPOS"},"content":{"rendered":"","protected":false},"excerpt":{"rendered":"<p><strong>Evo IPOS<\/strong> to filigranowy, nowoczesny POS nale\u017c\u0105cy do rodziny urz\u0105dze\u0144 <strong>SAIO<\/strong>.<\/p>\n<p><strong>Evo IPOS<\/strong> realizuje p\u0142atno\u015bci bezgot\u00f3wkowe i\u00a0oferuje u\u017cytkownikowi dwie aplikacje sprzeda\u017cowe do wyboru.<\/p>\n<p>U\u017cytkownik nabywa jedynie <strong>drukark\u0119 fiskaln\u0105 ONLINE<\/strong>, kt\u00f3ra stanowi jeden z\u00a0element\u00f3w <strong>Evo IPOS<\/strong>. Dzi\u0119ki temu ma mo\u017cliwo\u015b\u0107 skorzystania z\u00a0ulgi Urz\u0119du Skarbowego do 700 z\u0142 na zakup urz\u0105dzenia fiskalnego.<\/p>\n<p><strong>Wynajem platformy sprz\u0119towej i\u00a0aplikacji sprzeda\u017cowej<\/strong> gwarantuje klientowi ko\u0144cowemu niskie koszty na start u\u017cytkowania <strong>Evo IPOS<\/strong>.<\/p>","protected":false},"featured_media":4655,"comment_status":"open","ping_status":"closed","template":"","meta":[],"product_brand":[],"product_cat":[26,537,543,300,301,316,505,510,521,506,541,529,530,568,314,322,306],"product_tag":[422],"class_list":{"0":"post-4425","1":"product","2":"type-product","3":"status-publish","4":"has-post-thumbnail","6":"product_cat-all-in-one","7":"product_cat-dentysta","8":"product_cat-firma-uslugowa","9":"product_cat-gastronomia","10":"product_cat-gastronomia-drukarki-fiskalne","11":"product_cat-kancelaria-prawna","12":"product_cat-kasoterminale","13":"product_cat-kasoterminale-dla-handlu-obwoznego","14":"product_cat-kasoterminale-dla-hurtowni","15":"product_cat-kasoterminale-dla-kioskow-i-salonow-prasowych","16":"product_cat-placowka-medyczna-i-lekarze","17":"product_cat-punkt-handlowo-uslugowy","18":"product_cat-punkt-handlowo-uslugowy-drukarki-fiskalne","19":"product_cat-sala-zabaw","20":"product_cat-salon-beauty","21":"product_cat-salon-fryzjerski","22":"product_cat-warsztat-samochodowy","23":"product_tag-all-in-one","25":"first","26":"instock","27":"taxable","28":"shipping-taxable","29":"purchasable","30":"product-type-simple"},"_links":{"self":[{"href":"https:\/\/www.centrumkas.pl\/ru\/wp-json\/wp\/v2\/product\/4425","targetHints":{"allow":["GET"]}}],"collection":[{"href":"https:\/\/www.centrumkas.pl\/ru\/wp-json\/wp\/v2\/product"}],"about":[{"href":"https:\/\/www.centrumkas.pl\/ru\/wp-json\/wp\/v2\/types\/product"}],"replies":[{"embeddable":true,"href":"https:\/\/www.centrumkas.pl\/ru\/wp-json\/wp\/v2\/comments?post=4425"}],"wp:featuredmedia":[{"embeddable":true,"href":"https:\/\/www.centrumkas.pl\/ru\/wp-json\/wp\/v2\/media\/4655"}],"wp:attachment":[{"href":"https:\/\/www.centrumkas.pl\/ru\/wp-json\/wp\/v2\/media?parent=4425"}],"wp:term":[{"taxonomy":"product_brand","embeddable":true,"href":"https:\/\/www.centrumkas.pl\/ru\/wp-json\/wp\/v2\/product_brand?post=4425"},{"taxonomy":"product_cat","embeddable":true,"href":"https:\/\/www.centrumkas.pl\/ru\/wp-json\/wp\/v2\/product_cat?post=4425"},{"taxonomy":"product_tag","embeddable":true,"href":"https:\/\/www.centrumkas.pl\/ru\/wp-json\/wp\/v2\/product_tag?post=4425"}],"curies":[{"name":"wp","href":"https:\/\/api.w.org\/{rel}","templated":true}]}}