{"id":4438,"date":"2025-04-10T19:41:31","date_gmt":"2025-04-10T17:41:31","guid":{"rendered":"https:\/\/www.centrumkas.pl\/?post_type=product&#038;p=4438"},"modified":"2025-09-04T11:29:21","modified_gmt":"2025-09-04T11:29:21","slug":"posnet-bingo-max2","status":"publish","type":"product","link":"https:\/\/www.centrumkas.pl\/ru\/product\/posnet-bingo-max2\/","title":{"rendered":"Posnet BINGO Max2"},"content":{"rendered":"","protected":false},"excerpt":{"rendered":"<div class=\"product_short_desc\">\n<p>Posnet Bingo Max2 to nowa, doskonalsza\u00a0wersja legendarnej kasy\u00a0fiskalnej Posnet! W\u00a0znanej ju\u017c, kompaktowej i\u00a0eleganckiej formie, zastosowano teraz m. in. nowy, szybszy mechanizm drukuj\u0105cy oraz umo\u017cliwiono p\u0142atno\u015bci BLIK. Dzi\u0119ki opcji rozbudowy o\u00a0dodatkowe modu\u0142y komunikacji, kasa idealnie sprawdzi si\u0119 w\u00a0ma\u0142ych i\u00a0\u015brednich przedsi\u0119biorstwach.<\/p>\n<\/div>","protected":false},"featured_media":4442,"comment_status":"open","ping_status":"closed","template":"","meta":[],"product_brand":[],"product_cat":[141,523,527,232],"product_tag":[432],"class_list":{"0":"post-4438","1":"product","2":"type-product","3":"status-publish","4":"has-post-thumbnail","6":"product_cat-kasy-fiskalne","7":"product_cat-komis-samochodowy-i-autohandel","8":"product_cat-parking","9":"product_cat-posnet-polska-sa","10":"product_tag-kasa-fiskalna","12":"first","13":"instock","14":"taxable","15":"shipping-taxable","16":"purchasable","17":"product-type-variable"},"_links":{"self":[{"href":"https:\/\/www.centrumkas.pl\/ru\/wp-json\/wp\/v2\/product\/4438","targetHints":{"allow":["GET"]}}],"collection":[{"href":"https:\/\/www.centrumkas.pl\/ru\/wp-json\/wp\/v2\/product"}],"about":[{"href":"https:\/\/www.centrumkas.pl\/ru\/wp-json\/wp\/v2\/types\/product"}],"replies":[{"embeddable":true,"href":"https:\/\/www.centrumkas.pl\/ru\/wp-json\/wp\/v2\/comments?post=4438"}],"wp:featuredmedia":[{"embeddable":true,"href":"https:\/\/www.centrumkas.pl\/ru\/wp-json\/wp\/v2\/media\/4442"}],"wp:attachment":[{"href":"https:\/\/www.centrumkas.pl\/ru\/wp-json\/wp\/v2\/media?parent=4438"}],"wp:term":[{"taxonomy":"product_brand","embeddable":true,"href":"https:\/\/www.centrumkas.pl\/ru\/wp-json\/wp\/v2\/product_brand?post=4438"},{"taxonomy":"product_cat","embeddable":true,"href":"https:\/\/www.centrumkas.pl\/ru\/wp-json\/wp\/v2\/product_cat?post=4438"},{"taxonomy":"product_tag","embeddable":true,"href":"https:\/\/www.centrumkas.pl\/ru\/wp-json\/wp\/v2\/product_tag?post=4438"}],"curies":[{"name":"wp","href":"https:\/\/api.w.org\/{rel}","templated":true}]}}