{"id":4459,"date":"2025-04-10T22:19:41","date_gmt":"2025-04-10T20:19:41","guid":{"rendered":"https:\/\/www.centrumkas.pl\/?post_type=product&#038;p=4459"},"modified":"2025-11-05T15:07:52","modified_gmt":"2025-11-05T14:07:52","slug":"tablet-triotab","status":"publish","type":"product","link":"https:\/\/www.centrumkas.pl\/ru\/product\/tablet-triotab\/","title":{"rendered":"Tablet TrioTAB"},"content":{"rendered":"","protected":false},"excerpt":{"rendered":"<div class=\"product_short_desc\">\n<p>Tablet kasjerski TrioTAB zosta\u0142 stworzony przez Posnet na potrzeby budowy nowoczesnych stanowisk sprzeda\u017cy dzia\u0142aj\u0105cych w \u015brodowisku Android.<br \/>\nTrioTAB jest rozszerzeniem drukarki fiskalnej Posnet Trio, kt\u00f3ra po wyposa\u017ceniu w uchwyt TrioGRIP zamienia si\u0119 w stabiln\u0105 podstaw\u0119 tabletu.<br \/>\nUchwyt doprowadza do tabletu zasilanie, zapewnia komunikacj\u0119 z drukark\u0105 i pod\u0142\u0105cza do tabletu dodatkowe gniazdo USB znajduj\u0105ce si\u0119 w bocznej \u015bcianie drukarki.<br \/>\nDzi\u0119ki uchwytowi TrioGRIP, drukarka Trio zyskuje r\u00f3wnie\u017c port szuflady 6V.<\/p>\n<\/div>","protected":false},"featured_media":4462,"comment_status":"open","ping_status":"closed","template":"","meta":[],"product_brand":[],"product_cat":[232,214],"product_tag":[432],"class_list":{"0":"post-4459","1":"product","2":"type-product","3":"status-publish","4":"has-post-thumbnail","6":"product_cat-posnet-polska-sa","7":"product_cat-terminale-komputerowe-pos","8":"product_tag-kasa-fiskalna","10":"first","11":"instock","12":"taxable","13":"shipping-taxable","14":"product-type-simple"},"_links":{"self":[{"href":"https:\/\/www.centrumkas.pl\/ru\/wp-json\/wp\/v2\/product\/4459","targetHints":{"allow":["GET"]}}],"collection":[{"href":"https:\/\/www.centrumkas.pl\/ru\/wp-json\/wp\/v2\/product"}],"about":[{"href":"https:\/\/www.centrumkas.pl\/ru\/wp-json\/wp\/v2\/types\/product"}],"replies":[{"embeddable":true,"href":"https:\/\/www.centrumkas.pl\/ru\/wp-json\/wp\/v2\/comments?post=4459"}],"wp:featuredmedia":[{"embeddable":true,"href":"https:\/\/www.centrumkas.pl\/ru\/wp-json\/wp\/v2\/media\/4462"}],"wp:attachment":[{"href":"https:\/\/www.centrumkas.pl\/ru\/wp-json\/wp\/v2\/media?parent=4459"}],"wp:term":[{"taxonomy":"product_brand","embeddable":true,"href":"https:\/\/www.centrumkas.pl\/ru\/wp-json\/wp\/v2\/product_brand?post=4459"},{"taxonomy":"product_cat","embeddable":true,"href":"https:\/\/www.centrumkas.pl\/ru\/wp-json\/wp\/v2\/product_cat?post=4459"},{"taxonomy":"product_tag","embeddable":true,"href":"https:\/\/www.centrumkas.pl\/ru\/wp-json\/wp\/v2\/product_tag?post=4459"}],"curies":[{"name":"wp","href":"https:\/\/api.w.org\/{rel}","templated":true}]}}