{"id":4484,"date":"2025-04-14T22:18:08","date_gmt":"2025-04-14T20:18:08","guid":{"rendered":"https:\/\/www.centrumkas.pl\/?post_type=product&#038;p=4484"},"modified":"2025-10-28T09:52:12","modified_gmt":"2025-10-28T08:52:12","slug":"dotykacka","status":"publish","type":"product","link":"https:\/\/www.centrumkas.pl\/ru\/product\/dotykacka\/","title":{"rendered":"Dotyka\u010dka"},"content":{"rendered":"","protected":false},"excerpt":{"rendered":"<div class=\"flexcard-content\">\n<div class=\"flexcard-content-wrapper\">\n<div class=\"text-block\">\n<p><strong>Dotyka\u010dka. System POS, kt\u00f3ry polubisz dotyka\u0107<\/strong><\/p>\n<p class=\"text-large\">Wszechstronny i nowoczesny system POS online. \u0141atwiejszy w u\u017cyciu ni\u017c kasa.\u00a0Dopasowany do potrzeb i bud\u017cetu Twojego biznesu.\u00a0Wspiera fiskalizacj\u0119 online.<\/p>\n<\/div>\n<\/div>\n<\/div>","protected":false},"featured_media":4433,"comment_status":"open","ping_status":"closed","template":"","meta":[],"product_brand":[],"product_cat":[212,248,548,557],"product_tag":[423],"class_list":{"0":"post-4484","1":"product","2":"type-product","3":"status-publish","4":"has-post-thumbnail","6":"product_cat-akcesoria","7":"product_cat-oprogramowanie","8":"product_cat-oprogramowanie-pos","9":"product_cat-oprogramowanie-pos-dla-fast-foodow-foodtruckow","10":"product_tag-oprogramowanie-sprzedazowe","12":"first","13":"instock","14":"featured","15":"taxable","16":"shipping-taxable","17":"purchasable","18":"product-type-variable"},"_links":{"self":[{"href":"https:\/\/www.centrumkas.pl\/ru\/wp-json\/wp\/v2\/product\/4484","targetHints":{"allow":["GET"]}}],"collection":[{"href":"https:\/\/www.centrumkas.pl\/ru\/wp-json\/wp\/v2\/product"}],"about":[{"href":"https:\/\/www.centrumkas.pl\/ru\/wp-json\/wp\/v2\/types\/product"}],"replies":[{"embeddable":true,"href":"https:\/\/www.centrumkas.pl\/ru\/wp-json\/wp\/v2\/comments?post=4484"}],"wp:featuredmedia":[{"embeddable":true,"href":"https:\/\/www.centrumkas.pl\/ru\/wp-json\/wp\/v2\/media\/4433"}],"wp:attachment":[{"href":"https:\/\/www.centrumkas.pl\/ru\/wp-json\/wp\/v2\/media?parent=4484"}],"wp:term":[{"taxonomy":"product_brand","embeddable":true,"href":"https:\/\/www.centrumkas.pl\/ru\/wp-json\/wp\/v2\/product_brand?post=4484"},{"taxonomy":"product_cat","embeddable":true,"href":"https:\/\/www.centrumkas.pl\/ru\/wp-json\/wp\/v2\/product_cat?post=4484"},{"taxonomy":"product_tag","embeddable":true,"href":"https:\/\/www.centrumkas.pl\/ru\/wp-json\/wp\/v2\/product_tag?post=4484"}],"curies":[{"name":"wp","href":"https:\/\/api.w.org\/{rel}","templated":true}]}}