{"id":4685,"date":"2025-08-10T01:27:36","date_gmt":"2025-08-09T23:27:36","guid":{"rendered":"https:\/\/www.centrumkas.pl\/?post_type=product&#038;p=4685"},"modified":"2025-08-17T22:24:17","modified_gmt":"2025-08-17T20:24:17","slug":"uchwyt-trio","status":"publish","type":"product","link":"https:\/\/www.centrumkas.pl\/ru\/product\/uchwyt-trio\/","title":{"rendered":"Uchwyt TRIO"},"content":{"rendered":"","protected":false},"excerpt":{"rendered":"<p>Dedykowany uchwyt marki Brodit24 dla drukarki fiskalnej Trio. Uchwyt jest regulowany i daje mo\u017cliwo\u015b\u0107 mocowania tabletu b\u0105d\u017a smartfona do drukarki.<\/p>\n<p><i>Do umocowania uchwytu na drukarce wymagany jest modu\u0142 rozszerzenia zawiasu uchwytu (w zestawie z uchwytem).<\/i><\/p>","protected":false},"featured_media":4688,"comment_status":"open","ping_status":"closed","template":"","meta":[],"product_brand":[],"product_cat":[212,428],"product_tag":[455,456],"class_list":{"0":"post-4685","1":"product","2":"type-product","3":"status-publish","4":"has-post-thumbnail","6":"product_cat-akcesoria","7":"product_cat-bazy-i-uchwyty-montazowe","8":"product_tag-akcesoria","9":"product_tag-uchwyt","11":"first","12":"instock","13":"taxable","14":"shipping-taxable","15":"purchasable","16":"product-type-variable"},"_links":{"self":[{"href":"https:\/\/www.centrumkas.pl\/ru\/wp-json\/wp\/v2\/product\/4685","targetHints":{"allow":["GET"]}}],"collection":[{"href":"https:\/\/www.centrumkas.pl\/ru\/wp-json\/wp\/v2\/product"}],"about":[{"href":"https:\/\/www.centrumkas.pl\/ru\/wp-json\/wp\/v2\/types\/product"}],"replies":[{"embeddable":true,"href":"https:\/\/www.centrumkas.pl\/ru\/wp-json\/wp\/v2\/comments?post=4685"}],"wp:featuredmedia":[{"embeddable":true,"href":"https:\/\/www.centrumkas.pl\/ru\/wp-json\/wp\/v2\/media\/4688"}],"wp:attachment":[{"href":"https:\/\/www.centrumkas.pl\/ru\/wp-json\/wp\/v2\/media?parent=4685"}],"wp:term":[{"taxonomy":"product_brand","embeddable":true,"href":"https:\/\/www.centrumkas.pl\/ru\/wp-json\/wp\/v2\/product_brand?post=4685"},{"taxonomy":"product_cat","embeddable":true,"href":"https:\/\/www.centrumkas.pl\/ru\/wp-json\/wp\/v2\/product_cat?post=4685"},{"taxonomy":"product_tag","embeddable":true,"href":"https:\/\/www.centrumkas.pl\/ru\/wp-json\/wp\/v2\/product_tag?post=4685"}],"curies":[{"name":"wp","href":"https:\/\/api.w.org\/{rel}","templated":true}]}}