{"id":4790,"date":"2025-11-10T22:52:06","date_gmt":"2025-11-10T21:52:06","guid":{"rendered":"https:\/\/www.centrumkas.pl\/?post_type=product&#038;p=4790"},"modified":"2026-03-24T00:13:26","modified_gmt":"2026-03-23T23:13:26","slug":"sunmi-d3-pro","status":"publish","type":"product","link":"https:\/\/www.centrumkas.pl\/ru\/product\/sunmi-d3-pro\/","title":{"rendered":"Sunmi D3 Pro"},"content":{"rendered":"","protected":false},"excerpt":{"rendered":"<p>Terminal POS SUNMI D3 PRO to nowoczesny terminal zaprojektowany z my\u015bl\u0105 o wymagaj\u0105cych firmach z bran\u017cy gastronomicznej i handlowej. Urz\u0105dzenie \u0142\u0105czy wysok\u0105 wydajno\u015b\u0107 z eleganckim designem, gwarantuj\u0105c stabiln\u0105 i bezproblemow\u0105 prac\u0119 ka\u017cdego dnia.<\/p>","protected":false},"featured_media":4791,"comment_status":"open","ping_status":"closed","template":"","meta":[],"product_brand":[],"product_cat":[486,214,462,519,578,534,577],"product_tag":[459,458],"class_list":{"0":"post-4790","1":"product","2":"type-product","3":"status-publish","4":"has-post-thumbnail","6":"product_cat-terminal-pos-dla-malego-sklepu","7":"product_cat-terminale-komputerowe-pos","8":"product_cat-terminale-pos-dla-gastronomii","9":"product_cat-terminale-pos-dla-hurtowni","10":"product_cat-terminale-pos-dla-przetargow-i-zamowien-publicznych","11":"product_cat-terminale-pos-dla-punktow-handlowo-uslugowych","12":"product_cat-terminale-pos-dla-szkol-edukacji","13":"product_tag-pos","14":"product_tag-terminal-komputerowy","16":"first","17":"instock","18":"taxable","19":"shipping-taxable","20":"purchasable","21":"product-type-simple"},"_links":{"self":[{"href":"https:\/\/www.centrumkas.pl\/ru\/wp-json\/wp\/v2\/product\/4790","targetHints":{"allow":["GET"]}}],"collection":[{"href":"https:\/\/www.centrumkas.pl\/ru\/wp-json\/wp\/v2\/product"}],"about":[{"href":"https:\/\/www.centrumkas.pl\/ru\/wp-json\/wp\/v2\/types\/product"}],"replies":[{"embeddable":true,"href":"https:\/\/www.centrumkas.pl\/ru\/wp-json\/wp\/v2\/comments?post=4790"}],"wp:featuredmedia":[{"embeddable":true,"href":"https:\/\/www.centrumkas.pl\/ru\/wp-json\/wp\/v2\/media\/4791"}],"wp:attachment":[{"href":"https:\/\/www.centrumkas.pl\/ru\/wp-json\/wp\/v2\/media?parent=4790"}],"wp:term":[{"taxonomy":"product_brand","embeddable":true,"href":"https:\/\/www.centrumkas.pl\/ru\/wp-json\/wp\/v2\/product_brand?post=4790"},{"taxonomy":"product_cat","embeddable":true,"href":"https:\/\/www.centrumkas.pl\/ru\/wp-json\/wp\/v2\/product_cat?post=4790"},{"taxonomy":"product_tag","embeddable":true,"href":"https:\/\/www.centrumkas.pl\/ru\/wp-json\/wp\/v2\/product_tag?post=4790"}],"curies":[{"name":"wp","href":"https:\/\/api.w.org\/{rel}","templated":true}]}}