{"id":4808,"date":"2025-11-20T22:48:15","date_gmt":"2025-11-20T21:48:15","guid":{"rendered":"https:\/\/www.centrumkas.pl\/?post_type=product&#038;p=4808"},"modified":"2025-11-20T23:09:21","modified_gmt":"2025-11-20T22:09:21","slug":"ekran-klienta-do-sunmi-d3-pro","status":"publish","type":"product","link":"https:\/\/www.centrumkas.pl\/ru\/product\/ekran-klienta-do-sunmi-d3-pro\/","title":{"rendered":"Ekran klienta do Sunmi D3 Pro"},"content":{"rendered":"","protected":false},"excerpt":{"rendered":"<p class=\"p1\">Ekran klienta 10,1\u201d do SUNMI D3 PRO to nowoczesny, dotykowy wy\u015bwietlacz, kt\u00f3ry oferuje klarowny obraz i estetyczne wykonanie. Dzi\u0119ki niemu klienci mog\u0105 wygodnie \u015bledzi\u0107 przebieg transakcji, a samo stanowisko sprzeda\u017cy zyskuje bardziej profesjonalny wygl\u0105d i lepsz\u0105 funkcjonalno\u015b\u0107.<\/p>","protected":false},"featured_media":4810,"comment_status":"open","ping_status":"closed","template":"","meta":[],"product_brand":[],"product_cat":[212,499],"product_tag":[455],"class_list":{"0":"post-4808","1":"product","2":"type-product","3":"status-publish","4":"has-post-thumbnail","6":"product_cat-akcesoria","7":"product_cat-ekrany-do-terminali-pos","8":"product_tag-akcesoria","10":"first","11":"instock","12":"taxable","13":"shipping-taxable","14":"purchasable","15":"product-type-simple"},"_links":{"self":[{"href":"https:\/\/www.centrumkas.pl\/ru\/wp-json\/wp\/v2\/product\/4808","targetHints":{"allow":["GET"]}}],"collection":[{"href":"https:\/\/www.centrumkas.pl\/ru\/wp-json\/wp\/v2\/product"}],"about":[{"href":"https:\/\/www.centrumkas.pl\/ru\/wp-json\/wp\/v2\/types\/product"}],"replies":[{"embeddable":true,"href":"https:\/\/www.centrumkas.pl\/ru\/wp-json\/wp\/v2\/comments?post=4808"}],"wp:featuredmedia":[{"embeddable":true,"href":"https:\/\/www.centrumkas.pl\/ru\/wp-json\/wp\/v2\/media\/4810"}],"wp:attachment":[{"href":"https:\/\/www.centrumkas.pl\/ru\/wp-json\/wp\/v2\/media?parent=4808"}],"wp:term":[{"taxonomy":"product_brand","embeddable":true,"href":"https:\/\/www.centrumkas.pl\/ru\/wp-json\/wp\/v2\/product_brand?post=4808"},{"taxonomy":"product_cat","embeddable":true,"href":"https:\/\/www.centrumkas.pl\/ru\/wp-json\/wp\/v2\/product_cat?post=4808"},{"taxonomy":"product_tag","embeddable":true,"href":"https:\/\/www.centrumkas.pl\/ru\/wp-json\/wp\/v2\/product_tag?post=4808"}],"curies":[{"name":"wp","href":"https:\/\/api.w.org\/{rel}","templated":true}]}}