{"id":4814,"date":"2025-11-22T16:13:34","date_gmt":"2025-11-22T15:13:34","guid":{"rendered":"https:\/\/www.centrumkas.pl\/?post_type=product&#038;p=4814"},"modified":"2026-03-09T21:48:37","modified_gmt":"2026-03-09T20:48:37","slug":"posnet-mobile-2-online","status":"publish","type":"product","link":"https:\/\/www.centrumkas.pl\/ru\/product\/posnet-mobile-2-online\/","title":{"rendered":"Posnet Mobile 2 Online"},"content":{"rendered":"","protected":false},"excerpt":{"rendered":"<p>Kasa fisklana Posnet Mobile 2 \u0142\u0105czy niewielkie rozmiary z wydajnym akumulatorem, stabiln\u0105 \u0142\u0105czno\u015bci\u0105 Wi-Fi lub LTE i wbudowanym skanerem 2D, dzi\u0119ki czemu obs\u0142u\u017cysz klienta szybciej i bez przestoj\u00f3w. Jedno urz\u0105dzenie \u2014 pe\u0142na gotowo\u015b\u0107 do pracy w ka\u017cdym miejscu.<\/p>","protected":false},"featured_media":4817,"comment_status":"open","ping_status":"closed","template":"","meta":[],"product_brand":[],"product_cat":[543,141,302,552,527,232],"product_tag":[432],"class_list":{"0":"post-4814","1":"product","2":"type-product","3":"status-publish","4":"has-post-thumbnail","6":"product_cat-firma-uslugowa","7":"product_cat-kasy-fiskalne","8":"product_cat-maly-sklep","9":"product_cat-mobile-beauty","10":"product_cat-parking","11":"product_cat-posnet-polska-sa","12":"product_tag-kasa-fiskalna","14":"first","15":"instock","16":"taxable","17":"shipping-taxable","18":"purchasable","19":"product-type-variable","20":"has-default-attributes"},"_links":{"self":[{"href":"https:\/\/www.centrumkas.pl\/ru\/wp-json\/wp\/v2\/product\/4814","targetHints":{"allow":["GET"]}}],"collection":[{"href":"https:\/\/www.centrumkas.pl\/ru\/wp-json\/wp\/v2\/product"}],"about":[{"href":"https:\/\/www.centrumkas.pl\/ru\/wp-json\/wp\/v2\/types\/product"}],"replies":[{"embeddable":true,"href":"https:\/\/www.centrumkas.pl\/ru\/wp-json\/wp\/v2\/comments?post=4814"}],"wp:featuredmedia":[{"embeddable":true,"href":"https:\/\/www.centrumkas.pl\/ru\/wp-json\/wp\/v2\/media\/4817"}],"wp:attachment":[{"href":"https:\/\/www.centrumkas.pl\/ru\/wp-json\/wp\/v2\/media?parent=4814"}],"wp:term":[{"taxonomy":"product_brand","embeddable":true,"href":"https:\/\/www.centrumkas.pl\/ru\/wp-json\/wp\/v2\/product_brand?post=4814"},{"taxonomy":"product_cat","embeddable":true,"href":"https:\/\/www.centrumkas.pl\/ru\/wp-json\/wp\/v2\/product_cat?post=4814"},{"taxonomy":"product_tag","embeddable":true,"href":"https:\/\/www.centrumkas.pl\/ru\/wp-json\/wp\/v2\/product_tag?post=4814"}],"curies":[{"name":"wp","href":"https:\/\/api.w.org\/{rel}","templated":true}]}}