{"id":4843,"date":"2025-12-06T21:45:50","date_gmt":"2025-12-06T20:45:50","guid":{"rendered":"https:\/\/www.centrumkas.pl\/?post_type=product&#038;p=4843"},"modified":"2025-12-07T21:42:29","modified_gmt":"2025-12-07T20:42:29","slug":"subiekt-123","status":"publish","type":"product","link":"https:\/\/www.centrumkas.pl\/ru\/product\/subiekt-123\/","title":{"rendered":"Subiekt 123"},"content":{"rendered":"","protected":false},"excerpt":{"rendered":"<p><b>Subiekt 123<\/b> to \u0142atwy w obs\u0142udze, dzia\u0142aj\u0105cy w chmurze <b>program do fakturowania online z opcj\u0105 magazynu<\/b>. Umo\u017cliwia on sprawne zarz\u0105dzanie informacjami o klientach, prowadzenie kartotek us\u0142ug, towar\u00f3w i nie tylko. Jest <b>zintegrowany z programami ksi\u0119gowymi InsERT nexo\/nexo PRO<\/b>, dzi\u0119ki czemu mo\u017cna na bie\u017c\u0105co wysy\u0142a\u0107 dokumenty do biura rachunkowego. Program zosta\u0142 zbudowany w taki spos\u00f3b, aby w miar\u0119 rozwoju firmy mo\u017cna by\u0142o samodzielnie decydowa\u0107 o w\u0142\u0105czaniu modu\u0142\u00f3w dodatkowych, zapewniaj\u0105cych kolejne mo\u017cliwo\u015bci &#8211; np. <b>obs\u0142ug\u0119 magazynu i prac\u0119 na drukarkach fiskalnych.<\/b><\/p>","protected":false},"featured_media":4844,"comment_status":"open","ping_status":"closed","template":"","meta":[],"product_brand":[],"product_cat":[212,248],"product_tag":[423],"class_list":{"0":"post-4843","1":"product","2":"type-product","3":"status-publish","4":"has-post-thumbnail","6":"product_cat-akcesoria","7":"product_cat-oprogramowanie","8":"product_tag-oprogramowanie-sprzedazowe","10":"first","11":"instock","12":"taxable","13":"shipping-taxable","14":"purchasable","15":"product-type-simple"},"_links":{"self":[{"href":"https:\/\/www.centrumkas.pl\/ru\/wp-json\/wp\/v2\/product\/4843","targetHints":{"allow":["GET"]}}],"collection":[{"href":"https:\/\/www.centrumkas.pl\/ru\/wp-json\/wp\/v2\/product"}],"about":[{"href":"https:\/\/www.centrumkas.pl\/ru\/wp-json\/wp\/v2\/types\/product"}],"replies":[{"embeddable":true,"href":"https:\/\/www.centrumkas.pl\/ru\/wp-json\/wp\/v2\/comments?post=4843"}],"wp:featuredmedia":[{"embeddable":true,"href":"https:\/\/www.centrumkas.pl\/ru\/wp-json\/wp\/v2\/media\/4844"}],"wp:attachment":[{"href":"https:\/\/www.centrumkas.pl\/ru\/wp-json\/wp\/v2\/media?parent=4843"}],"wp:term":[{"taxonomy":"product_brand","embeddable":true,"href":"https:\/\/www.centrumkas.pl\/ru\/wp-json\/wp\/v2\/product_brand?post=4843"},{"taxonomy":"product_cat","embeddable":true,"href":"https:\/\/www.centrumkas.pl\/ru\/wp-json\/wp\/v2\/product_cat?post=4843"},{"taxonomy":"product_tag","embeddable":true,"href":"https:\/\/www.centrumkas.pl\/ru\/wp-json\/wp\/v2\/product_tag?post=4843"}],"curies":[{"name":"wp","href":"https:\/\/api.w.org\/{rel}","templated":true}]}}