{"id":4859,"date":"2025-12-07T21:53:50","date_gmt":"2025-12-07T20:53:50","guid":{"rendered":"https:\/\/www.centrumkas.pl\/?post_type=product&#038;p=4859"},"modified":"2026-02-04T13:09:01","modified_gmt":"2026-02-04T12:09:01","slug":"novitus-npos-thermal-c300","status":"publish","type":"product","link":"https:\/\/www.centrumkas.pl\/ru\/product\/novitus-npos-thermal-c300\/","title":{"rendered":"Novitus NPOS Thermal C300"},"content":{"rendered":"","protected":false},"excerpt":{"rendered":"<p class=\"p1\"><strong>Novitus NPOS Thermal C300<\/strong> to nowoczesna drukarka bonowa,\u00a0 kt\u00f3ra \u0142\u0105czy wysok\u0105 pr\u0119dko\u015b\u0107 wydruku z niewielk\u0105, praktyczn\u0105 obudow\u0105. Urz\u0105dzenie zosta\u0142o zaprojektowane pod k\u0105tem intensywnej pracy, dlatego \u015bwietnie odnajduje si\u0119 w sklepach, gastronomii i punktach us\u0142ugowych. Mechanizm termiczny dzia\u0142a p\u0142ynnie i cicho, a obs\u0142uga pozostaje intuicyjna nawet dla nowych pracownik\u00f3w.<\/p>","protected":false},"featured_media":4860,"comment_status":"open","ping_status":"closed","template":"","meta":[],"product_brand":[],"product_cat":[212,285],"product_tag":[453],"class_list":{"0":"post-4859","1":"product","2":"type-product","3":"status-publish","4":"has-post-thumbnail","6":"product_cat-akcesoria","7":"product_cat-drukarki-zamowien-kodow","8":"product_tag-drukarka-kodow","10":"first","11":"instock","12":"taxable","13":"shipping-taxable","14":"purchasable","15":"product-type-variable","16":"has-default-attributes"},"_links":{"self":[{"href":"https:\/\/www.centrumkas.pl\/ru\/wp-json\/wp\/v2\/product\/4859","targetHints":{"allow":["GET"]}}],"collection":[{"href":"https:\/\/www.centrumkas.pl\/ru\/wp-json\/wp\/v2\/product"}],"about":[{"href":"https:\/\/www.centrumkas.pl\/ru\/wp-json\/wp\/v2\/types\/product"}],"replies":[{"embeddable":true,"href":"https:\/\/www.centrumkas.pl\/ru\/wp-json\/wp\/v2\/comments?post=4859"}],"wp:featuredmedia":[{"embeddable":true,"href":"https:\/\/www.centrumkas.pl\/ru\/wp-json\/wp\/v2\/media\/4860"}],"wp:attachment":[{"href":"https:\/\/www.centrumkas.pl\/ru\/wp-json\/wp\/v2\/media?parent=4859"}],"wp:term":[{"taxonomy":"product_brand","embeddable":true,"href":"https:\/\/www.centrumkas.pl\/ru\/wp-json\/wp\/v2\/product_brand?post=4859"},{"taxonomy":"product_cat","embeddable":true,"href":"https:\/\/www.centrumkas.pl\/ru\/wp-json\/wp\/v2\/product_cat?post=4859"},{"taxonomy":"product_tag","embeddable":true,"href":"https:\/\/www.centrumkas.pl\/ru\/wp-json\/wp\/v2\/product_tag?post=4859"}],"curies":[{"name":"wp","href":"https:\/\/api.w.org\/{rel}","templated":true}]}}