{"id":4918,"date":"2026-02-13T22:16:30","date_gmt":"2026-02-13T21:16:30","guid":{"rendered":"https:\/\/www.centrumkas.pl\/?post_type=product&#038;p=4918"},"modified":"2026-02-17T10:47:58","modified_gmt":"2026-02-17T09:47:58","slug":"novitus-infis","status":"publish","type":"product","link":"https:\/\/www.centrumkas.pl\/ru\/product\/novitus-infis\/","title":{"rendered":"Novitus INFIS"},"content":{"rendered":"","protected":false},"excerpt":{"rendered":"<p class=\"p1\"><span class=\"s1\"><b>Novitus INFIS<\/b><\/span> <strong>to specjalistyczna drukarka fiskalna<\/strong> przeznaczona do automat\u00f3w sprzeda\u017cowych i urz\u0105dze\u0144 samoobs\u0142ugowych.<\/p>\n<p class=\"p1\">Nie posiada mechanizmu drukuj\u0105cego \u2013 paragon prezentowany jest na zewn\u0119trznym, hermetycznym wy\u015bwietlaczu klienta przez 30 sekund, zgodnie z obowi\u0105zuj\u0105cymi przepisami.<\/p>\n<p class=\"p1\">Urz\u0105dzenie obs\u0142uguje e-Paragony (protok\u00f3\u0142 Novitus oraz HUB MF), umo\u017cliwia przekaz danych w formacie JWS (JSON) oraz oferuje szerokie mo\u017cliwo\u015bci integracyjne dzi\u0119ki rozbudowanym portom komunikacyjnym i opcjonalnym modu\u0142om WiFi, GSM lub Bluetooth.<\/p>","protected":false},"featured_media":4923,"comment_status":"closed","ping_status":"closed","template":"","meta":[],"product_brand":[],"product_cat":[25,540,236,319],"product_tag":[421],"class_list":{"0":"post-4918","1":"product","2":"type-product","3":"status-publish","4":"has-post-thumbnail","6":"product_cat-drukarki-fiskalne","7":"product_cat-dentysta-drukarki-fiskalne","8":"product_cat-novitus-drukarki-fiskalne","9":"product_cat-stacja-paliw-drukarki-fiskalne","10":"product_tag-drukarka-fiskalna","12":"first","13":"instock","14":"taxable","15":"shipping-taxable","16":"purchasable","17":"product-type-simple"},"_links":{"self":[{"href":"https:\/\/www.centrumkas.pl\/ru\/wp-json\/wp\/v2\/product\/4918","targetHints":{"allow":["GET"]}}],"collection":[{"href":"https:\/\/www.centrumkas.pl\/ru\/wp-json\/wp\/v2\/product"}],"about":[{"href":"https:\/\/www.centrumkas.pl\/ru\/wp-json\/wp\/v2\/types\/product"}],"replies":[{"embeddable":true,"href":"https:\/\/www.centrumkas.pl\/ru\/wp-json\/wp\/v2\/comments?post=4918"}],"wp:featuredmedia":[{"embeddable":true,"href":"https:\/\/www.centrumkas.pl\/ru\/wp-json\/wp\/v2\/media\/4923"}],"wp:attachment":[{"href":"https:\/\/www.centrumkas.pl\/ru\/wp-json\/wp\/v2\/media?parent=4918"}],"wp:term":[{"taxonomy":"product_brand","embeddable":true,"href":"https:\/\/www.centrumkas.pl\/ru\/wp-json\/wp\/v2\/product_brand?post=4918"},{"taxonomy":"product_cat","embeddable":true,"href":"https:\/\/www.centrumkas.pl\/ru\/wp-json\/wp\/v2\/product_cat?post=4918"},{"taxonomy":"product_tag","embeddable":true,"href":"https:\/\/www.centrumkas.pl\/ru\/wp-json\/wp\/v2\/product_tag?post=4918"}],"curies":[{"name":"wp","href":"https:\/\/api.w.org\/{rel}","templated":true}]}}