{"id":4987,"date":"2026-03-23T22:10:25","date_gmt":"2026-03-23T21:10:25","guid":{"rendered":"https:\/\/www.centrumkas.pl\/?post_type=product&#038;p=4987"},"modified":"2026-03-24T10:46:42","modified_gmt":"2026-03-24T09:46:42","slug":"ipos-pocket-2","status":"publish","type":"product","link":"https:\/\/www.centrumkas.pl\/ru\/product\/ipos-pocket-2\/","title":{"rendered":"iPOS pocket 2"},"content":{"rendered":"","protected":false},"excerpt":{"rendered":"<p class=\"p1\"><span class=\"s1\"><b>Kasoterminal iPOS Pocket 2<\/b><\/span> to nowoczesne rozwi\u0105zanie, kt\u00f3re \u0142\u0105czy kas\u0119 fiskaln\u0105 online, terminal p\u0142atniczy oraz system sprzeda\u017cy w jednym urz\u0105dzeniu. Dzi\u0119ki temu obs\u0142u\u017cysz klienta szybko i wygodnie, niezale\u017cnie od miejsca. Co wa\u017cne, wszystkie funkcje masz zawsze pod r\u0119k\u0105, bo urz\u0105dzenie mie\u015bci si\u0119 w kieszeni i dzia\u0142a w pe\u0142ni mobilnie.<\/p>\n<p class=\"p1\">To sprz\u0119t stworzony dla firm, kt\u00f3re chc\u0105 dzia\u0142a\u0107 sprawnie i bez ogranicze\u0144. Dlatego \u015bwietnie sprawdzi si\u0119 w gastronomii, sprzeda\u017cy mobilnej oraz podczas event\u00f3w.<\/p>\n<p>.<\/p>\n<p>&nbsp;<\/p>","protected":false},"featured_media":4992,"comment_status":"closed","ping_status":"closed","template":"","meta":[],"product_brand":[],"product_cat":[26,301,300,320,565,530],"product_tag":[422,432,575],"class_list":{"0":"post-4987","1":"product","2":"type-product","3":"status-publish","4":"has-post-thumbnail","6":"product_cat-all-in-one","7":"product_cat-gastronomia-drukarki-fiskalne","8":"product_cat-gastronomia","9":"product_cat-hotel","10":"product_cat-kasy-wirtualne","11":"product_cat-punkt-handlowo-uslugowy-drukarki-fiskalne","12":"product_tag-all-in-one","13":"product_tag-kasa-fiskalna","14":"product_tag-kasa-wirtualna","16":"first","17":"instock","18":"taxable","19":"shipping-taxable","20":"purchasable","21":"product-type-simple"},"_links":{"self":[{"href":"https:\/\/www.centrumkas.pl\/ru\/wp-json\/wp\/v2\/product\/4987","targetHints":{"allow":["GET"]}}],"collection":[{"href":"https:\/\/www.centrumkas.pl\/ru\/wp-json\/wp\/v2\/product"}],"about":[{"href":"https:\/\/www.centrumkas.pl\/ru\/wp-json\/wp\/v2\/types\/product"}],"replies":[{"embeddable":true,"href":"https:\/\/www.centrumkas.pl\/ru\/wp-json\/wp\/v2\/comments?post=4987"}],"wp:featuredmedia":[{"embeddable":true,"href":"https:\/\/www.centrumkas.pl\/ru\/wp-json\/wp\/v2\/media\/4992"}],"wp:attachment":[{"href":"https:\/\/www.centrumkas.pl\/ru\/wp-json\/wp\/v2\/media?parent=4987"}],"wp:term":[{"taxonomy":"product_brand","embeddable":true,"href":"https:\/\/www.centrumkas.pl\/ru\/wp-json\/wp\/v2\/product_brand?post=4987"},{"taxonomy":"product_cat","embeddable":true,"href":"https:\/\/www.centrumkas.pl\/ru\/wp-json\/wp\/v2\/product_cat?post=4987"},{"taxonomy":"product_tag","embeddable":true,"href":"https:\/\/www.centrumkas.pl\/ru\/wp-json\/wp\/v2\/product_tag?post=4987"}],"curies":[{"name":"wp","href":"https:\/\/api.w.org\/{rel}","templated":true}]}}