{"id":5023,"date":"2026-03-29T23:27:32","date_gmt":"2026-03-29T21:27:32","guid":{"rendered":"https:\/\/www.centrumkas.pl\/?post_type=product&#038;p=5023"},"modified":"2026-03-29T23:48:46","modified_gmt":"2026-03-29T21:48:46","slug":"ipos-lite","status":"publish","type":"product","link":"https:\/\/www.centrumkas.pl\/ru\/product\/ipos-lite\/","title":{"rendered":"iPOS Lite"},"content":{"rendered":"","protected":false},"excerpt":{"rendered":"<p><strong>\u041a\u0430\u0441\u0441\u043e\u0432\u044b\u0439 \u0442\u0435\u0440\u043c\u0438\u043d\u0430\u043b iPOS Lite<\/strong> \u044d\u0442\u043e \u043f\u0440\u043e\u0434\u0432\u0438\u043d\u0443\u0442\u044b\u0439 \u0432\u0438\u0440\u0442\u0443\u0430\u043b\u044c\u043d\u044b\u0439 \u043a\u0430\u0441\u0441\u043e\u0432\u044b\u0439 \u0430\u043f\u043f\u0430\u0440\u0430\u0442 \u0441 <strong>POS-\u0441\u0438\u0441\u0442\u0435\u043c\u0430<\/strong>, kt\u00f3ra pozwala prowadzi\u0107 sprzeda\u017c w spos\u00f3b szybki, uporz\u0105dkowany i w pe\u0142ni zgodny z przepisami. \u0141\u0105czy funkcje fiskalne, sprzeda\u017cowe oraz analityczne, dlatego staje si\u0119 centralnym narz\u0119dziem pracy w lokalu.<\/p>\n<p>To rozwi\u0105zanie kierujemy do firm, kt\u00f3re potrzebuj\u0105 stabilnego systemu sprzeda\u017cy, ale jednocze\u015bnie chc\u0105 zachowa\u0107 elastyczno\u015b\u0107 i kontrol\u0119 nad kosztami.<\/p>","protected":false},"featured_media":5016,"comment_status":"closed","ping_status":"closed","template":"","meta":[],"product_brand":[],"product_cat":[26,301,300,320,565,530],"product_tag":[422,432,575],"class_list":{"0":"post-5023","1":"product","2":"type-product","3":"status-publish","4":"has-post-thumbnail","6":"product_cat-all-in-one","7":"product_cat-gastronomia-drukarki-fiskalne","8":"product_cat-gastronomia","9":"product_cat-hotel","10":"product_cat-kasy-wirtualne","11":"product_cat-punkt-handlowo-uslugowy-drukarki-fiskalne","12":"product_tag-all-in-one","13":"product_tag-kasa-fiskalna","14":"product_tag-kasa-wirtualna","16":"first","17":"instock","18":"taxable","19":"shipping-taxable","20":"purchasable","21":"product-type-simple"},"_links":{"self":[{"href":"https:\/\/www.centrumkas.pl\/ru\/wp-json\/wp\/v2\/product\/5023","targetHints":{"allow":["GET"]}}],"collection":[{"href":"https:\/\/www.centrumkas.pl\/ru\/wp-json\/wp\/v2\/product"}],"about":[{"href":"https:\/\/www.centrumkas.pl\/ru\/wp-json\/wp\/v2\/types\/product"}],"replies":[{"embeddable":true,"href":"https:\/\/www.centrumkas.pl\/ru\/wp-json\/wp\/v2\/comments?post=5023"}],"wp:featuredmedia":[{"embeddable":true,"href":"https:\/\/www.centrumkas.pl\/ru\/wp-json\/wp\/v2\/media\/5016"}],"wp:attachment":[{"href":"https:\/\/www.centrumkas.pl\/ru\/wp-json\/wp\/v2\/media?parent=5023"}],"wp:term":[{"taxonomy":"product_brand","embeddable":true,"href":"https:\/\/www.centrumkas.pl\/ru\/wp-json\/wp\/v2\/product_brand?post=5023"},{"taxonomy":"product_cat","embeddable":true,"href":"https:\/\/www.centrumkas.pl\/ru\/wp-json\/wp\/v2\/product_cat?post=5023"},{"taxonomy":"product_tag","embeddable":true,"href":"https:\/\/www.centrumkas.pl\/ru\/wp-json\/wp\/v2\/product_tag?post=5023"}],"curies":[{"name":"wp","href":"https:\/\/api.w.org\/{rel}","templated":true}]}}