{"id":658,"date":"2023-08-01T14:55:17","date_gmt":"2023-08-01T12:55:17","guid":{"rendered":"http:\/\/new.centrumkas.pl\/?post_type=product&#038;p=658"},"modified":"2025-06-15T20:31:03","modified_gmt":"2025-06-15T18:31:03","slug":"fawag-lite-online","status":"publish","type":"product","link":"https:\/\/www.centrumkas.pl\/ru\/product\/fawag-lite-online\/","title":{"rendered":"Fawag Lite ONLINE"},"content":{"rendered":"","protected":false},"excerpt":{"rendered":"<p>Kasa fiskalna Fawag \u2013 Lite ONLINE to prosty w obs\u0142udze sprz\u0119t rejestruj\u0105cy, kt\u00f3ry zapewnia p\u0142ynn\u0105 transmisj\u0119 danych do <strong>Centralnego Repozytorium Kas <\/strong>(CRK). Niezawodno\u015b\u0107 dzia\u0142ania, solidne wykonanie i atrakcyjna cena \u2013 to tylko niekt\u00f3re z jego licznych zalet. Urz\u0105dzenie zosta\u0142o wyposa\u017cone we wszelkie niezb\u0119dne funkcjonalno\u015bci pozwalaj\u0105ce na szybk\u0105 i wydajn\u0105 prac\u0119.<\/p>","protected":false},"featured_media":670,"comment_status":"open","ping_status":"closed","template":"","meta":[],"product_brand":[],"product_cat":[515,517,141,502,302,527,513,306,304],"product_tag":[432],"class_list":{"0":"post-658","1":"product","2":"type-product","3":"status-publish","4":"has-post-thumbnail","6":"product_cat-biura-rachunkowe","7":"product_cat-hurtownie","8":"product_cat-kasy-fiskalne","9":"product_cat-kioski-i-salony-prasowe","10":"product_cat-maly-sklep","11":"product_cat-parking","12":"product_cat-szkoly-nauki-jazdy","13":"product_cat-warsztat-samochodowy","14":"product_cat-wulkanizacja","15":"product_tag-kasa-fiskalna","17":"first","18":"instock","19":"taxable","20":"shipping-taxable","21":"purchasable","22":"product-type-variable","23":"has-default-attributes"},"_links":{"self":[{"href":"https:\/\/www.centrumkas.pl\/ru\/wp-json\/wp\/v2\/product\/658","targetHints":{"allow":["GET"]}}],"collection":[{"href":"https:\/\/www.centrumkas.pl\/ru\/wp-json\/wp\/v2\/product"}],"about":[{"href":"https:\/\/www.centrumkas.pl\/ru\/wp-json\/wp\/v2\/types\/product"}],"replies":[{"embeddable":true,"href":"https:\/\/www.centrumkas.pl\/ru\/wp-json\/wp\/v2\/comments?post=658"}],"wp:featuredmedia":[{"embeddable":true,"href":"https:\/\/www.centrumkas.pl\/ru\/wp-json\/wp\/v2\/media\/670"}],"wp:attachment":[{"href":"https:\/\/www.centrumkas.pl\/ru\/wp-json\/wp\/v2\/media?parent=658"}],"wp:term":[{"taxonomy":"product_brand","embeddable":true,"href":"https:\/\/www.centrumkas.pl\/ru\/wp-json\/wp\/v2\/product_brand?post=658"},{"taxonomy":"product_cat","embeddable":true,"href":"https:\/\/www.centrumkas.pl\/ru\/wp-json\/wp\/v2\/product_cat?post=658"},{"taxonomy":"product_tag","embeddable":true,"href":"https:\/\/www.centrumkas.pl\/ru\/wp-json\/wp\/v2\/product_tag?post=658"}],"curies":[{"name":"wp","href":"https:\/\/api.w.org\/{rel}","templated":true}]}}