{"id":677,"date":"2023-08-01T15:08:28","date_gmt":"2023-08-01T13:08:28","guid":{"rendered":"http:\/\/new.centrumkas.pl\/?post_type=product&#038;p=677"},"modified":"2025-03-27T22:12:39","modified_gmt":"2025-03-27T21:12:39","slug":"posnet-revo-online","status":"publish","type":"product","link":"https:\/\/www.centrumkas.pl\/ru\/product\/posnet-revo-online\/","title":{"rendered":"Posnet Revo Online"},"content":{"rendered":"","protected":false},"excerpt":{"rendered":"<p>Kasa fiskalna Posnet Revo ONLINE to zaawansowane pod wzgl\u0119dem technicznym i atrakcyjne wizualnie urz\u0105dzenie, kt\u00f3re oferuje <strong>funkcjonalno\u015b\u0107 online,<\/strong> a tak\u017ce szereg innych, niezwykle praktycznych opcji. Mowa tu m.in. o mo\u017cliwo\u015bci wydruku na paragonie NIP-u nabywcy lub nazwy i logo firmy.<\/p>","protected":false},"featured_media":678,"comment_status":"open","ping_status":"closed","template":"","meta":[],"product_brand":[],"product_cat":[141,232],"product_tag":[432],"class_list":{"0":"post-677","1":"product","2":"type-product","3":"status-publish","4":"has-post-thumbnail","6":"product_cat-kasy-fiskalne","7":"product_cat-posnet-polska-sa","8":"product_tag-kasa-fiskalna","10":"first","11":"instock","12":"taxable","13":"shipping-taxable","14":"purchasable","15":"product-type-variable","16":"has-default-attributes"},"_links":{"self":[{"href":"https:\/\/www.centrumkas.pl\/ru\/wp-json\/wp\/v2\/product\/677","targetHints":{"allow":["GET"]}}],"collection":[{"href":"https:\/\/www.centrumkas.pl\/ru\/wp-json\/wp\/v2\/product"}],"about":[{"href":"https:\/\/www.centrumkas.pl\/ru\/wp-json\/wp\/v2\/types\/product"}],"replies":[{"embeddable":true,"href":"https:\/\/www.centrumkas.pl\/ru\/wp-json\/wp\/v2\/comments?post=677"}],"wp:featuredmedia":[{"embeddable":true,"href":"https:\/\/www.centrumkas.pl\/ru\/wp-json\/wp\/v2\/media\/678"}],"wp:attachment":[{"href":"https:\/\/www.centrumkas.pl\/ru\/wp-json\/wp\/v2\/media?parent=677"}],"wp:term":[{"taxonomy":"product_brand","embeddable":true,"href":"https:\/\/www.centrumkas.pl\/ru\/wp-json\/wp\/v2\/product_brand?post=677"},{"taxonomy":"product_cat","embeddable":true,"href":"https:\/\/www.centrumkas.pl\/ru\/wp-json\/wp\/v2\/product_cat?post=677"},{"taxonomy":"product_tag","embeddable":true,"href":"https:\/\/www.centrumkas.pl\/ru\/wp-json\/wp\/v2\/product_tag?post=677"}],"curies":[{"name":"wp","href":"https:\/\/api.w.org\/{rel}","templated":true}]}}