{"id":688,"date":"2023-08-01T20:42:08","date_gmt":"2023-08-01T18:42:08","guid":{"rendered":"http:\/\/new.centrumkas.pl\/?post_type=product&#038;p=688"},"modified":"2025-03-27T21:55:46","modified_gmt":"2025-03-27T20:55:46","slug":"posnet-bingo-max-online","status":"publish","type":"product","link":"https:\/\/www.centrumkas.pl\/ru\/product\/posnet-bingo-max-online\/","title":{"rendered":"Posnet Bingo Max Online"},"content":{"rendered":"","protected":false},"excerpt":{"rendered":"<p style=\"text-align: left;\">Bingo Max zapewnia komunikacj\u0119 z\u00a0Centralnym Repozytorium Kas za pomoc\u0105 interfejs\u00f3w:<\/p>\n<ul>\n<li style=\"text-align: left;\">\u042d\u041d<\/li>\n<li style=\"text-align: left;\">USB<\/li>\n<li style=\"text-align: left;\">WiFi *<\/li>\n<li style=\"text-align: left;\">modemu 3G *<\/li>\n<\/ul>\n<p style=\"text-align: left; padding-top: 15px;\">Pozwala to optymalnie dopasowa\u0107 spos\u00f3b komunikacji z CRK do warunk\u00f3w, w jakich prowadzony jest biznes.<\/p>\n<p style=\"text-align: left;\">Pobierz instrukcj\u0119 dotycz\u0105c\u0105 skonfigurowania po\u0142\u0105czenia z CRK w kasach Posnet (<a href=\"https:\/\/www.posnet.com.pl\/web\/files\/editor\/FILES\/quick-online-kasy-wersja-1.0.pdf\">Quick OnLine &#8211; instrukcja<\/a>).<\/p>\n<p style=\"text-align: left;\">* &#8211; wyposa\u017cenie opcjonalne<\/p>","protected":false},"featured_media":689,"comment_status":"open","ping_status":"closed","template":"","meta":[],"product_brand":[],"product_cat":[141,232],"product_tag":[432],"class_list":{"0":"post-688","1":"product","2":"type-product","3":"status-publish","4":"has-post-thumbnail","6":"product_cat-kasy-fiskalne","7":"product_cat-posnet-polska-sa","8":"product_tag-kasa-fiskalna","10":"first","11":"instock","12":"taxable","13":"shipping-taxable","14":"purchasable","15":"product-type-variable","16":"has-default-attributes"},"_links":{"self":[{"href":"https:\/\/www.centrumkas.pl\/ru\/wp-json\/wp\/v2\/product\/688","targetHints":{"allow":["GET"]}}],"collection":[{"href":"https:\/\/www.centrumkas.pl\/ru\/wp-json\/wp\/v2\/product"}],"about":[{"href":"https:\/\/www.centrumkas.pl\/ru\/wp-json\/wp\/v2\/types\/product"}],"replies":[{"embeddable":true,"href":"https:\/\/www.centrumkas.pl\/ru\/wp-json\/wp\/v2\/comments?post=688"}],"wp:featuredmedia":[{"embeddable":true,"href":"https:\/\/www.centrumkas.pl\/ru\/wp-json\/wp\/v2\/media\/689"}],"wp:attachment":[{"href":"https:\/\/www.centrumkas.pl\/ru\/wp-json\/wp\/v2\/media?parent=688"}],"wp:term":[{"taxonomy":"product_brand","embeddable":true,"href":"https:\/\/www.centrumkas.pl\/ru\/wp-json\/wp\/v2\/product_brand?post=688"},{"taxonomy":"product_cat","embeddable":true,"href":"https:\/\/www.centrumkas.pl\/ru\/wp-json\/wp\/v2\/product_cat?post=688"},{"taxonomy":"product_tag","embeddable":true,"href":"https:\/\/www.centrumkas.pl\/ru\/wp-json\/wp\/v2\/product_tag?post=688"}],"curies":[{"name":"wp","href":"https:\/\/api.w.org\/{rel}","templated":true}]}}