{"id":717,"date":"2023-08-01T21:28:36","date_gmt":"2023-08-01T19:28:36","guid":{"rendered":"http:\/\/new.centrumkas.pl\/?post_type=product&#038;p=717"},"modified":"2025-06-15T21:04:57","modified_gmt":"2025-06-15T19:04:57","slug":"posnet-trio-online","status":"publish","type":"product","link":"https:\/\/www.centrumkas.pl\/ru\/product\/posnet-trio-online\/","title":{"rendered":"Posnet Trio Online"},"content":{"rendered":"","protected":false},"excerpt":{"rendered":"<p><strong>Wyj\u0105tkowy kszta\u0142t, kompaktowe rozmiary i zaawansowanie techniczne<\/strong> to g\u0142\u00f3wne wyr\u00f3\u017cniki drukarki fiskalnej Posnet TRIO ONLINE. Dzi\u0119ki <strong>zr\u00f3\u017cnicowanym funkcjom<\/strong> urz\u0105dzenie to mo\u017cna z \u0142atwo\u015bci\u0105 dopasowa\u0107 do specyfiki prowadzonej dzia\u0142alno\u015bci. Jak na model online przysta\u0142o, sprz\u0119t automatycznie komunikuje si\u0119 z Centralnym Repozytorium Kas. Zapisuje r\u00f3wnie\u017c kopie paragon\u00f3w w <strong>pami\u0119ci chronionej.<\/strong><\/p>","protected":false},"featured_media":718,"comment_status":"open","ping_status":"closed","template":"","meta":[],"product_brand":[],"product_cat":[25,301,303,237,530],"product_tag":[421],"class_list":{"0":"post-717","1":"product","2":"type-product","3":"status-publish","4":"has-post-thumbnail","6":"product_cat-drukarki-fiskalne","7":"product_cat-gastronomia-drukarki-fiskalne","8":"product_cat-maly-sklep-drukarki-fiskalne","9":"product_cat-posnet-polska-sa-drukarki-fiskalne","10":"product_cat-punkt-handlowo-uslugowy-drukarki-fiskalne","11":"product_tag-drukarka-fiskalna","13":"first","14":"instock","15":"taxable","16":"shipping-taxable","17":"purchasable","18":"product-type-variable","19":"has-default-attributes"},"_links":{"self":[{"href":"https:\/\/www.centrumkas.pl\/ru\/wp-json\/wp\/v2\/product\/717","targetHints":{"allow":["GET"]}}],"collection":[{"href":"https:\/\/www.centrumkas.pl\/ru\/wp-json\/wp\/v2\/product"}],"about":[{"href":"https:\/\/www.centrumkas.pl\/ru\/wp-json\/wp\/v2\/types\/product"}],"replies":[{"embeddable":true,"href":"https:\/\/www.centrumkas.pl\/ru\/wp-json\/wp\/v2\/comments?post=717"}],"wp:featuredmedia":[{"embeddable":true,"href":"https:\/\/www.centrumkas.pl\/ru\/wp-json\/wp\/v2\/media\/718"}],"wp:attachment":[{"href":"https:\/\/www.centrumkas.pl\/ru\/wp-json\/wp\/v2\/media?parent=717"}],"wp:term":[{"taxonomy":"product_brand","embeddable":true,"href":"https:\/\/www.centrumkas.pl\/ru\/wp-json\/wp\/v2\/product_brand?post=717"},{"taxonomy":"product_cat","embeddable":true,"href":"https:\/\/www.centrumkas.pl\/ru\/wp-json\/wp\/v2\/product_cat?post=717"},{"taxonomy":"product_tag","embeddable":true,"href":"https:\/\/www.centrumkas.pl\/ru\/wp-json\/wp\/v2\/product_tag?post=717"}],"curies":[{"name":"wp","href":"https:\/\/api.w.org\/{rel}","templated":true}]}}