{"id":762,"date":"2023-08-04T15:08:07","date_gmt":"2023-08-04T13:08:07","guid":{"rendered":"http:\/\/new.centrumkas.pl\/?post_type=product&#038;p=762"},"modified":"2025-06-21T01:31:51","modified_gmt":"2025-06-20T23:31:51","slug":"elzab-k10-online","status":"publish","type":"product","link":"https:\/\/www.centrumkas.pl\/ru\/product\/elzab-k10-online\/","title":{"rendered":"Elzab K10 Online"},"content":{"rendered":"","protected":false},"excerpt":{"rendered":"<p>Kasa fiskalna Elzab K10 ONLINE to<strong> jedna z najbardziej nowoczesnych i ergonomicznych mobilnych kas rejestruj\u0105cych dost\u0119pnych na rynku.<\/strong> W niewielkiej obudowie urz\u0105dzenie kryje mn\u00f3stwo przydatnych opcji, swoj\u0105 funkcjonalno\u015bci\u0105 przewy\u017cszaj\u0105c niejedn\u0105 kas\u0119 jednostanowiskow\u0105. Sprz\u0119t spe\u0142nia wszelkie wymagania Rozporz\u0105dzenia Ministra Przedsi\u0119biorczo\u015bci i Technologii, pozwalaj\u0105c na automatyczny i bezpo\u015bredni przesy\u0142 danych do Centralnego Repozytorium Kas.<\/p>","protected":false},"featured_media":839,"comment_status":"open","ping_status":"closed","template":"","meta":[],"product_brand":[],"product_cat":[537,234,543,316,141,541,314,322],"product_tag":[432],"class_list":{"0":"post-762","1":"product","2":"type-product","3":"status-publish","4":"has-post-thumbnail","6":"product_cat-dentysta","7":"product_cat-elzab","8":"product_cat-firma-uslugowa","9":"product_cat-kancelaria-prawna","10":"product_cat-kasy-fiskalne","11":"product_cat-placowka-medyczna-i-lekarze","12":"product_cat-salon-beauty","13":"product_cat-salon-fryzjerski","14":"product_tag-kasa-fiskalna","16":"first","17":"instock","18":"taxable","19":"shipping-taxable","20":"purchasable","21":"product-type-variable","22":"has-default-attributes"},"_links":{"self":[{"href":"https:\/\/www.centrumkas.pl\/ru\/wp-json\/wp\/v2\/product\/762","targetHints":{"allow":["GET"]}}],"collection":[{"href":"https:\/\/www.centrumkas.pl\/ru\/wp-json\/wp\/v2\/product"}],"about":[{"href":"https:\/\/www.centrumkas.pl\/ru\/wp-json\/wp\/v2\/types\/product"}],"replies":[{"embeddable":true,"href":"https:\/\/www.centrumkas.pl\/ru\/wp-json\/wp\/v2\/comments?post=762"}],"wp:featuredmedia":[{"embeddable":true,"href":"https:\/\/www.centrumkas.pl\/ru\/wp-json\/wp\/v2\/media\/839"}],"wp:attachment":[{"href":"https:\/\/www.centrumkas.pl\/ru\/wp-json\/wp\/v2\/media?parent=762"}],"wp:term":[{"taxonomy":"product_brand","embeddable":true,"href":"https:\/\/www.centrumkas.pl\/ru\/wp-json\/wp\/v2\/product_brand?post=762"},{"taxonomy":"product_cat","embeddable":true,"href":"https:\/\/www.centrumkas.pl\/ru\/wp-json\/wp\/v2\/product_cat?post=762"},{"taxonomy":"product_tag","embeddable":true,"href":"https:\/\/www.centrumkas.pl\/ru\/wp-json\/wp\/v2\/product_tag?post=762"}],"curies":[{"name":"wp","href":"https:\/\/api.w.org\/{rel}","templated":true}]}}