{"id":778,"date":"2023-08-04T16:11:34","date_gmt":"2023-08-04T14:11:34","guid":{"rendered":"http:\/\/new.centrumkas.pl\/?post_type=product&#038;p=778"},"modified":"2025-04-05T15:56:59","modified_gmt":"2025-04-05T13:56:59","slug":"elzab-jota-online","status":"publish","type":"product","link":"https:\/\/www.centrumkas.pl\/ru\/product\/elzab-jota-online\/","title":{"rendered":"Elzab Jota Online"},"content":{"rendered":"","protected":false},"excerpt":{"rendered":"<p>Kasa fiskalna Elzab Jota ONLINE<strong> to proste, acz w pe\u0142ni funkcjonalne urz\u0105dzenie, kt\u00f3re oferuje niezawodn\u0105 prac\u0119, nawet w trudnych warunkach.<\/strong> Sprz\u0119t automatycznie komunikuje si\u0119 z Centralnym Repozytorium Kas oraz gromadzi kopie dokumentacji firmowej w pami\u0119ci chronionej. Dzi\u0119ki r\u00f3\u017cnorodnym funkcjom model ten z \u0142atwo\u015bci\u0105 dostosowuje si\u0119 do specyfiki prowadzonej dzia\u0142alno\u015bci.<\/p>","protected":false},"featured_media":779,"comment_status":"open","ping_status":"closed","template":"","meta":[],"product_brand":[],"product_cat":[234,141,211],"product_tag":[432],"class_list":{"0":"post-778","1":"product","2":"type-product","3":"status-publish","4":"has-post-thumbnail","6":"product_cat-elzab","7":"product_cat-kasy-fiskalne","8":"product_cat-urzadzenia-do-gastro","9":"product_tag-kasa-fiskalna","11":"first","12":"instock","13":"taxable","14":"shipping-taxable","15":"purchasable","16":"product-type-variable","17":"has-default-attributes"},"_links":{"self":[{"href":"https:\/\/www.centrumkas.pl\/ru\/wp-json\/wp\/v2\/product\/778","targetHints":{"allow":["GET"]}}],"collection":[{"href":"https:\/\/www.centrumkas.pl\/ru\/wp-json\/wp\/v2\/product"}],"about":[{"href":"https:\/\/www.centrumkas.pl\/ru\/wp-json\/wp\/v2\/types\/product"}],"replies":[{"embeddable":true,"href":"https:\/\/www.centrumkas.pl\/ru\/wp-json\/wp\/v2\/comments?post=778"}],"wp:featuredmedia":[{"embeddable":true,"href":"https:\/\/www.centrumkas.pl\/ru\/wp-json\/wp\/v2\/media\/779"}],"wp:attachment":[{"href":"https:\/\/www.centrumkas.pl\/ru\/wp-json\/wp\/v2\/media?parent=778"}],"wp:term":[{"taxonomy":"product_brand","embeddable":true,"href":"https:\/\/www.centrumkas.pl\/ru\/wp-json\/wp\/v2\/product_brand?post=778"},{"taxonomy":"product_cat","embeddable":true,"href":"https:\/\/www.centrumkas.pl\/ru\/wp-json\/wp\/v2\/product_cat?post=778"},{"taxonomy":"product_tag","embeddable":true,"href":"https:\/\/www.centrumkas.pl\/ru\/wp-json\/wp\/v2\/product_tag?post=778"}],"curies":[{"name":"wp","href":"https:\/\/api.w.org\/{rel}","templated":true}]}}