{"id":785,"date":"2023-08-04T16:20:23","date_gmt":"2023-08-04T14:20:23","guid":{"rendered":"http:\/\/new.centrumkas.pl\/?post_type=product&#038;p=785"},"modified":"2025-04-06T00:57:24","modified_gmt":"2025-04-05T22:57:24","slug":"elzab-cube-online","status":"publish","type":"product","link":"https:\/\/www.centrumkas.pl\/ru\/product\/elzab-cube-online\/","title":{"rendered":"\u041a\u0443\u0431 \u042d\u043b\u044c\u0437\u0430\u0431\u0430 \u043e\u043d\u043b\u0430\u0439\u043d"},"content":{"rendered":"","protected":false},"excerpt":{"rendered":"<p>Drukarka fiskalna Elzab Cube ONLINE <strong>to niezawodne, wydajne i solidne urz\u0105dzenie, kt\u00f3re sprawdzi si\u0119 wsz\u0119dzie tam, gdzie wa\u017cna jest szybko\u015b\u0107 obs\u0142ugi klienta.<\/strong> Sprz\u0119t zapewnia \u0142\u0105czno\u015b\u0107 z Centralnym Repozytorium Kas, ma wbudowan\u0105 pami\u0119\u0107 chronion\u0105 o du\u017cej pojemno\u015bci (mo\u017cliwo\u015b\u0107 zapisu do 2 milion\u00f3w paragon\u00f3w) oraz zosta\u0142 wyposa\u017cony w szereg przydatnych funkcji.<\/p>","protected":false},"featured_media":786,"comment_status":"open","ping_status":"closed","template":"","meta":[],"product_brand":[],"product_cat":[25,235],"product_tag":[421],"class_list":{"0":"post-785","1":"product","2":"type-product","3":"status-publish","4":"has-post-thumbnail","6":"product_cat-drukarki-fiskalne","7":"product_cat-elzab-drukarki-fiskalne","8":"product_tag-drukarka-fiskalna","10":"first","11":"instock","12":"taxable","13":"shipping-taxable","14":"purchasable","15":"product-type-simple"},"_links":{"self":[{"href":"https:\/\/www.centrumkas.pl\/ru\/wp-json\/wp\/v2\/product\/785","targetHints":{"allow":["GET"]}}],"collection":[{"href":"https:\/\/www.centrumkas.pl\/ru\/wp-json\/wp\/v2\/product"}],"about":[{"href":"https:\/\/www.centrumkas.pl\/ru\/wp-json\/wp\/v2\/types\/product"}],"replies":[{"embeddable":true,"href":"https:\/\/www.centrumkas.pl\/ru\/wp-json\/wp\/v2\/comments?post=785"}],"wp:featuredmedia":[{"embeddable":true,"href":"https:\/\/www.centrumkas.pl\/ru\/wp-json\/wp\/v2\/media\/786"}],"wp:attachment":[{"href":"https:\/\/www.centrumkas.pl\/ru\/wp-json\/wp\/v2\/media?parent=785"}],"wp:term":[{"taxonomy":"product_brand","embeddable":true,"href":"https:\/\/www.centrumkas.pl\/ru\/wp-json\/wp\/v2\/product_brand?post=785"},{"taxonomy":"product_cat","embeddable":true,"href":"https:\/\/www.centrumkas.pl\/ru\/wp-json\/wp\/v2\/product_cat?post=785"},{"taxonomy":"product_tag","embeddable":true,"href":"https:\/\/www.centrumkas.pl\/ru\/wp-json\/wp\/v2\/product_tag?post=785"}],"curies":[{"name":"wp","href":"https:\/\/api.w.org\/{rel}","templated":true}]}}