{"id":825,"date":"2023-08-05T20:36:29","date_gmt":"2023-08-05T18:36:29","guid":{"rendered":"http:\/\/new.centrumkas.pl\/?post_type=product&#038;p=825"},"modified":"2026-03-24T00:56:07","modified_gmt":"2026-03-23T23:56:07","slug":"novitus-nano-2-online","status":"publish","type":"product","link":"https:\/\/www.centrumkas.pl\/ru\/product\/novitus-nano-2-online\/","title":{"rendered":"Novitus Nano 2 Online"},"content":{"rendered":"","protected":false},"excerpt":{"rendered":"<p style=\"text-align: left;\"><strong>CHMURA NA JEDEN KLIK<\/strong><\/p>\n<p style=\"text-align: left;\">Wykorzystaj moc chmury &#8211; NoviCloud to technologicznie zaawansowana us\u0142uga chmurowa stworzona dla kas Novitus, kt\u00f3r\u0105 uruchomisz jednym klikni\u0119ciem. Pozwala na monitorowanie i zarz\u0105dzanie biznesem z ka\u017cdego miejsca na Ziemi. Dzi\u0119ki NoviCloud u\u017cytkownik kasy ma dost\u0119p do wszystkiego, co si\u0119 dzieje na jego kasach fiskalnych za pomoc\u0105 tylko przegl\u0105darki internetowej. Kasy Novitus online i NoviCloud stanowi\u0105 jedyny i najlepszy tego typu system sprzeda\u017cy w Polsce.<\/p>\n<p style=\"text-align: left;\"><strong>IDEALNY WYB\u00d3R<\/strong><\/p>\n<p style=\"text-align: left;\">Kasa NANO II to idealny wyb\u00f3r dla gabinet\u00f3w lekarskich oraz kosmetycznych, warsztat\u00f3w, salon\u00f3w fryzjerskich, czy kancelarii oraz wsz\u0119dzie tam, gdzie wsparciem przedsi\u0119biorcy b\u0119d\u0105 us\u0142ugi NoviCloud, czy p\u0142atno\u015bci kart\u0105 na wygodnym PIN-padzie. Opr\u00f3cz tego kasa posiada funkcje sprzeda\u017cy bilet\u00f3w na zaprogramowanych trasach, kt\u00f3ra umo\u017cliwia wykorzystanie jej w bran\u017cy przewozowej. Obs\u0142ug\u0119 wypo\u017cyczalni oraz parking\u00f3w umo\u017cliwiaj\u0105 funkcje czasowe. Dzi\u0119ki tym wszystkim funkcjom kasa NANO II stanowi najbardziej uniwersalne rozwi\u0105zanie fiskalne w rodzinie urz\u0105dze\u0144 Novitus Online Power.<\/p>","protected":false},"featured_media":2150,"comment_status":"open","ping_status":"closed","template":"","meta":[],"product_brand":[],"product_cat":[515,537,543,509,517,316,141,502,552,541,581,568,314,322,574,513,306,304],"product_tag":[432],"class_list":{"0":"post-825","1":"product","2":"type-product","3":"status-publish","4":"has-post-thumbnail","6":"product_cat-biura-rachunkowe","7":"product_cat-dentysta","8":"product_cat-firma-uslugowa","9":"product_cat-handel-obwozny","10":"product_cat-hurtownie","11":"product_cat-kancelaria-prawna","12":"product_cat-kasy-fiskalne","13":"product_cat-kioski-i-salony-prasowe","14":"product_cat-mobile-beauty","15":"product_cat-placowka-medyczna-i-lekarze","16":"product_cat-przetargi-i-zamowienia-publiczne","17":"product_cat-sala-zabaw","18":"product_cat-salon-beauty","19":"product_cat-salon-fryzjerski","20":"product_cat-szkola-edukacja","21":"product_cat-szkoly-nauki-jazdy","22":"product_cat-warsztat-samochodowy","23":"product_cat-wulkanizacja","24":"product_tag-kasa-fiskalna","26":"first","27":"instock","28":"taxable","29":"shipping-taxable","30":"purchasable","31":"product-type-variable","32":"has-default-attributes"},"_links":{"self":[{"href":"https:\/\/www.centrumkas.pl\/ru\/wp-json\/wp\/v2\/product\/825","targetHints":{"allow":["GET"]}}],"collection":[{"href":"https:\/\/www.centrumkas.pl\/ru\/wp-json\/wp\/v2\/product"}],"about":[{"href":"https:\/\/www.centrumkas.pl\/ru\/wp-json\/wp\/v2\/types\/product"}],"replies":[{"embeddable":true,"href":"https:\/\/www.centrumkas.pl\/ru\/wp-json\/wp\/v2\/comments?post=825"}],"wp:featuredmedia":[{"embeddable":true,"href":"https:\/\/www.centrumkas.pl\/ru\/wp-json\/wp\/v2\/media\/2150"}],"wp:attachment":[{"href":"https:\/\/www.centrumkas.pl\/ru\/wp-json\/wp\/v2\/media?parent=825"}],"wp:term":[{"taxonomy":"product_brand","embeddable":true,"href":"https:\/\/www.centrumkas.pl\/ru\/wp-json\/wp\/v2\/product_brand?post=825"},{"taxonomy":"product_cat","embeddable":true,"href":"https:\/\/www.centrumkas.pl\/ru\/wp-json\/wp\/v2\/product_cat?post=825"},{"taxonomy":"product_tag","embeddable":true,"href":"https:\/\/www.centrumkas.pl\/ru\/wp-json\/wp\/v2\/product_tag?post=825"}],"curies":[{"name":"wp","href":"https:\/\/api.w.org\/{rel}","templated":true}]}}