{"id":831,"date":"2023-08-05T20:44:02","date_gmt":"2023-08-05T18:44:02","guid":{"rendered":"http:\/\/new.centrumkas.pl\/?post_type=product&#038;p=831"},"modified":"2025-03-26T14:04:18","modified_gmt":"2025-03-26T13:04:18","slug":"novitus-one","status":"publish","type":"product","link":"https:\/\/www.centrumkas.pl\/ru\/product\/novitus-one\/","title":{"rendered":"Novitus ONE"},"content":{"rendered":"","protected":false},"excerpt":{"rendered":"<p>Kasa fiskalna Novitus ONE to <strong>innowacyjne, zaawansowane technicznie rozwi\u0105zanie, stanowi\u0105ce po\u0142\u0105czenie kasy fiskalnej i smartfona.<\/strong> \u00a0W niewielkiej, por\u0119cznej obudowie sprz\u0119t kryje imponuj\u0105ce mo\u017cliwo\u015bci, oferuj\u0105c, jak na model online przysta\u0142o, funkcj\u0119 przesy\u0142u danych do <strong>Centralnego Repozytorium Kas.<\/strong> Kopi\u0119 wydruk\u00f3w urz\u0105dzenie zapisuje r\u00f3wnie\u017c w<strong> lokalnej pami\u0119ci chronionej.<\/strong><\/p>","protected":false},"featured_media":832,"comment_status":"open","ping_status":"closed","template":"","meta":[],"product_brand":[],"product_cat":[316,141,302,233,314,322],"product_tag":[432],"class_list":{"0":"post-831","1":"product","2":"type-product","3":"status-publish","4":"has-post-thumbnail","6":"product_cat-kancelaria-prawna","7":"product_cat-kasy-fiskalne","8":"product_cat-maly-sklep","9":"product_cat-novitus","10":"product_cat-salon-beauty","11":"product_cat-salon-fryzjerski","12":"product_tag-kasa-fiskalna","14":"first","15":"outofstock","16":"taxable","17":"shipping-taxable","18":"purchasable","19":"product-type-variable","20":"has-default-attributes"},"_links":{"self":[{"href":"https:\/\/www.centrumkas.pl\/ru\/wp-json\/wp\/v2\/product\/831","targetHints":{"allow":["GET"]}}],"collection":[{"href":"https:\/\/www.centrumkas.pl\/ru\/wp-json\/wp\/v2\/product"}],"about":[{"href":"https:\/\/www.centrumkas.pl\/ru\/wp-json\/wp\/v2\/types\/product"}],"replies":[{"embeddable":true,"href":"https:\/\/www.centrumkas.pl\/ru\/wp-json\/wp\/v2\/comments?post=831"}],"wp:featuredmedia":[{"embeddable":true,"href":"https:\/\/www.centrumkas.pl\/ru\/wp-json\/wp\/v2\/media\/832"}],"wp:attachment":[{"href":"https:\/\/www.centrumkas.pl\/ru\/wp-json\/wp\/v2\/media?parent=831"}],"wp:term":[{"taxonomy":"product_brand","embeddable":true,"href":"https:\/\/www.centrumkas.pl\/ru\/wp-json\/wp\/v2\/product_brand?post=831"},{"taxonomy":"product_cat","embeddable":true,"href":"https:\/\/www.centrumkas.pl\/ru\/wp-json\/wp\/v2\/product_cat?post=831"},{"taxonomy":"product_tag","embeddable":true,"href":"https:\/\/www.centrumkas.pl\/ru\/wp-json\/wp\/v2\/product_tag?post=831"}],"curies":[{"name":"wp","href":"https:\/\/api.w.org\/{rel}","templated":true}]}}