{"id":841,"date":"2023-08-05T20:52:59","date_gmt":"2023-08-05T18:52:59","guid":{"rendered":"http:\/\/new.centrumkas.pl\/?post_type=product&#038;p=841"},"modified":"2025-03-26T15:33:02","modified_gmt":"2025-03-26T14:33:02","slug":"novitus-next-online","status":"publish","type":"product","link":"https:\/\/www.centrumkas.pl\/ru\/product\/novitus-next-online\/","title":{"rendered":"Novitus Next Online"},"content":{"rendered":"","protected":false},"excerpt":{"rendered":"<p>Kasa fiskalna Novitus NEXT ONLINE to sprz\u0119t najnowszej generacji. <strong>Zdobywczyni presti\u017cowej nagrody Fundacji Polskiego God\u0142a Promocyjnego \u201eTeraz Polska\u201d w kategorii innowacyjnych produkt\u00f3w<\/strong> zachwyca funkcjonalno\u015bci\u0105 i zastosowaniem przemy\u015blanych rozwi\u0105za\u0144 konstrukcyjnych, kt\u00f3re usprawniaj\u0105 prowadzenie biznesu. <strong>To solidne i atrakcyjne wizualnie urz\u0105dzenie, b\u0119d\u0105ce przedstawicielem nowej ery kas fiskalnych.<\/strong><\/p>","protected":false},"featured_media":842,"comment_status":"open","ping_status":"closed","template":"","meta":[],"product_brand":[],"product_cat":[141,233],"product_tag":[432],"class_list":{"0":"post-841","1":"product","2":"type-product","3":"status-publish","4":"has-post-thumbnail","6":"product_cat-kasy-fiskalne","7":"product_cat-novitus","8":"product_tag-kasa-fiskalna","10":"first","11":"instock","12":"taxable","13":"shipping-taxable","14":"purchasable","15":"product-type-variable","16":"has-default-attributes"},"_links":{"self":[{"href":"https:\/\/www.centrumkas.pl\/ru\/wp-json\/wp\/v2\/product\/841","targetHints":{"allow":["GET"]}}],"collection":[{"href":"https:\/\/www.centrumkas.pl\/ru\/wp-json\/wp\/v2\/product"}],"about":[{"href":"https:\/\/www.centrumkas.pl\/ru\/wp-json\/wp\/v2\/types\/product"}],"replies":[{"embeddable":true,"href":"https:\/\/www.centrumkas.pl\/ru\/wp-json\/wp\/v2\/comments?post=841"}],"wp:featuredmedia":[{"embeddable":true,"href":"https:\/\/www.centrumkas.pl\/ru\/wp-json\/wp\/v2\/media\/842"}],"wp:attachment":[{"href":"https:\/\/www.centrumkas.pl\/ru\/wp-json\/wp\/v2\/media?parent=841"}],"wp:term":[{"taxonomy":"product_brand","embeddable":true,"href":"https:\/\/www.centrumkas.pl\/ru\/wp-json\/wp\/v2\/product_brand?post=841"},{"taxonomy":"product_cat","embeddable":true,"href":"https:\/\/www.centrumkas.pl\/ru\/wp-json\/wp\/v2\/product_cat?post=841"},{"taxonomy":"product_tag","embeddable":true,"href":"https:\/\/www.centrumkas.pl\/ru\/wp-json\/wp\/v2\/product_tag?post=841"}],"curies":[{"name":"wp","href":"https:\/\/api.w.org\/{rel}","templated":true}]}}