{"id":877,"date":"2023-08-05T22:20:37","date_gmt":"2023-08-05T20:20:37","guid":{"rendered":"http:\/\/new.centrumkas.pl\/?post_type=product&#038;p=877"},"modified":"2025-06-21T01:35:14","modified_gmt":"2025-06-20T23:35:14","slug":"novitus-bono-online","status":"publish","type":"product","link":"https:\/\/www.centrumkas.pl\/ru\/product\/novitus-bono-online\/","title":{"rendered":"Novitus Bono Online"},"content":{"rendered":"","protected":false},"excerpt":{"rendered":"<p dir=\"ltr\">Drukarka fiskalna Novitus Bono ONLINE to wydajne urz\u0105dzenie, kt\u00f3re wykorzystuje sprawdzone technologie, co determinuje jej funkcjonalno\u015b\u0107 i niezawodno\u015b\u0107. <strong>Sprz\u0119t zapewnia p\u0142ynn\u0105 komunikacj\u0119 z Centralnym Repozytorium Kas, a tak\u017ce wyposa\u017cony jest w funkcj\u0119 wykonywania elektronicznej kopii paragon\u00f3w.<\/strong> Pomimo niewielkich rozmiar\u00f3w oferuje ogromne mo\u017cliwo\u015bci.<\/p>","protected":false},"featured_media":878,"comment_status":"open","ping_status":"closed","template":"","meta":[],"product_brand":[],"product_cat":[540,25,301,321,303,309,311,236,542,530,313,319],"product_tag":[421],"class_list":{"0":"post-877","1":"product","2":"type-product","3":"status-publish","4":"has-post-thumbnail","6":"product_cat-dentysta-drukarki-fiskalne","7":"product_cat-drukarki-fiskalne","8":"product_cat-gastronomia-drukarki-fiskalne","9":"product_cat-hotel-drukarki-fiskalne","10":"product_cat-maly-sklep-drukarki-fiskalne","11":"product_cat-market-drukarki-fiskalne","12":"product_cat-market-budowlany-drukarki-fiskalne","13":"product_cat-novitus-drukarki-fiskalne","14":"product_cat-placowka-medyczna-i-lekarze-drukarki-fiskalne","15":"product_cat-punkt-handlowo-uslugowy-drukarki-fiskalne","16":"product_cat-sklep-online-drukarki-fiskalne","17":"product_cat-stacja-paliw-drukarki-fiskalne","18":"product_tag-drukarka-fiskalna","20":"first","21":"instock","22":"taxable","23":"shipping-taxable","24":"purchasable","25":"product-type-variable","26":"has-default-attributes"},"_links":{"self":[{"href":"https:\/\/www.centrumkas.pl\/ru\/wp-json\/wp\/v2\/product\/877","targetHints":{"allow":["GET"]}}],"collection":[{"href":"https:\/\/www.centrumkas.pl\/ru\/wp-json\/wp\/v2\/product"}],"about":[{"href":"https:\/\/www.centrumkas.pl\/ru\/wp-json\/wp\/v2\/types\/product"}],"replies":[{"embeddable":true,"href":"https:\/\/www.centrumkas.pl\/ru\/wp-json\/wp\/v2\/comments?post=877"}],"wp:featuredmedia":[{"embeddable":true,"href":"https:\/\/www.centrumkas.pl\/ru\/wp-json\/wp\/v2\/media\/878"}],"wp:attachment":[{"href":"https:\/\/www.centrumkas.pl\/ru\/wp-json\/wp\/v2\/media?parent=877"}],"wp:term":[{"taxonomy":"product_brand","embeddable":true,"href":"https:\/\/www.centrumkas.pl\/ru\/wp-json\/wp\/v2\/product_brand?post=877"},{"taxonomy":"product_cat","embeddable":true,"href":"https:\/\/www.centrumkas.pl\/ru\/wp-json\/wp\/v2\/product_cat?post=877"},{"taxonomy":"product_tag","embeddable":true,"href":"https:\/\/www.centrumkas.pl\/ru\/wp-json\/wp\/v2\/product_tag?post=877"}],"curies":[{"name":"wp","href":"https:\/\/api.w.org\/{rel}","templated":true}]}}