{"id":952,"date":"2023-08-29T15:58:06","date_gmt":"2023-08-29T13:58:06","guid":{"rendered":"http:\/\/new.centrumkas.pl\/?post_type=product&#038;p=952"},"modified":"2025-06-15T23:51:11","modified_gmt":"2025-06-15T21:51:11","slug":"2pos-15i5-b","status":"publish","type":"product","link":"https:\/\/www.centrumkas.pl\/ru\/product\/2pos-15i5-b\/","title":{"rendered":"2POS 15I5-B"},"content":{"rendered":"","protected":false},"excerpt":{"rendered":"<ul>\n<li>Procesor:Intel Core i5-8365U (4 x 1.6 GHz)<\/li>\n<li>RAM:8 GB DDR4<\/li>\n<li>Dysk twardy:SSD 128 GB (interfejs mSATA)<\/li>\n<li>Ekran:Dotykowy, 15&#8242;, 4:3, 350 cd, 1024 x 768<\/li>\n<li>Stopie\u0144 szczelno\u015bciObszar roboczy: IP65 (bez certyfikacji), pozosta\u0142e obszary: IP64 (bez certyfikacji)<\/li>\n<\/ul>","protected":false},"featured_media":953,"comment_status":"open","ping_status":"closed","template":"","meta":[],"product_brand":[],"product_cat":[214,486,488,462,534],"product_tag":[459],"class_list":{"0":"post-952","1":"product","2":"type-product","3":"status-publish","4":"has-post-thumbnail","6":"product_cat-terminale-komputerowe-pos","7":"product_cat-terminal-pos-dla-malego-sklepu","8":"product_cat-terminale-komputerowe-pos-dla-stacji-paliw","9":"product_cat-terminale-pos-dla-gastronomii","10":"product_cat-terminale-pos-dla-punktow-handlowo-uslugowych","11":"product_tag-pos","13":"first","14":"instock","15":"taxable","16":"shipping-taxable","17":"purchasable","18":"product-type-simple"},"_links":{"self":[{"href":"https:\/\/www.centrumkas.pl\/ru\/wp-json\/wp\/v2\/product\/952","targetHints":{"allow":["GET"]}}],"collection":[{"href":"https:\/\/www.centrumkas.pl\/ru\/wp-json\/wp\/v2\/product"}],"about":[{"href":"https:\/\/www.centrumkas.pl\/ru\/wp-json\/wp\/v2\/types\/product"}],"replies":[{"embeddable":true,"href":"https:\/\/www.centrumkas.pl\/ru\/wp-json\/wp\/v2\/comments?post=952"}],"wp:featuredmedia":[{"embeddable":true,"href":"https:\/\/www.centrumkas.pl\/ru\/wp-json\/wp\/v2\/media\/953"}],"wp:attachment":[{"href":"https:\/\/www.centrumkas.pl\/ru\/wp-json\/wp\/v2\/media?parent=952"}],"wp:term":[{"taxonomy":"product_brand","embeddable":true,"href":"https:\/\/www.centrumkas.pl\/ru\/wp-json\/wp\/v2\/product_brand?post=952"},{"taxonomy":"product_cat","embeddable":true,"href":"https:\/\/www.centrumkas.pl\/ru\/wp-json\/wp\/v2\/product_cat?post=952"},{"taxonomy":"product_tag","embeddable":true,"href":"https:\/\/www.centrumkas.pl\/ru\/wp-json\/wp\/v2\/product_tag?post=952"}],"curies":[{"name":"wp","href":"https:\/\/api.w.org\/{rel}","templated":true}]}}